{"id":346,"date":"2019-01-25T15:42:15","date_gmt":"2019-01-25T20:42:15","guid":{"rendered":"http:\/\/rhowardwebsterfoundation.rt5.ca\/repaires-jeunesse-du-canada\/application-procedures\/"},"modified":"2019-05-17T09:49:21","modified_gmt":"2019-05-17T13:49:21","slug":"procedures-dapplication","status":"publish","type":"page","link":"http:\/\/rhowardwebsterfoundation.rt5.ca\/fr\/repaires-jeunesse-du-canada\/procedures-dapplication\/","title":{"rendered":"Proc\u00e9dures d&#8217;application"},"content":{"rendered":"<h2>Comment faire une demande de subvention<\/h2>\n<p><strong>Proc\u00e9dure de demande de subvention\u00a0<\/strong><strong>pour les clubs membres de Repaires Jeunesse du Canada<\/strong><strong>\u00a0<\/strong><\/p>\n<p>La fondation R. Howard Webster verse des dons uniquement \u00e0 des <a href=\"https:\/\/www.canada.ca\/fr\/agence-revenu\/services\/organismes-bienfaisance-dons\/organismes-bienfaisance\/politiques-lignes-directrices\/donataires-reconnus.html\" target=\"_blank\" rel=\"noopener\">donataires reconnus<\/a> conform\u00e9ment \u00e0 la Loi de l\u2019imp\u00f4t sur le revenu. Le <a href=\"http:\/\/rhowardwebsterfoundation.rt5.ca\/fr\/repaires-jeunesse-du-canada\/application-en-ligne\/\">formulaire de demande<\/a> de subvention de la fondation doit \u00eatre rempli en ligne et envoy\u00e9 avec la demande de subvention.\u00a0 <strong>Si le formulaire de demande n\u2019est pas joint \u00e0 votre demande de subvention, votre candidature sera automatiquement rejet\u00e9e.<\/strong><\/p>\n<p>Le club doit fournir les renseignements suivants avec sa demande de subvention :<\/p>\n<ul>\n<li>Une description d\u00e9taill\u00e9e du club incluant son historique, ses programmes ou projets, ses activit\u00e9s et le nombre de ses membres.<\/li>\n<li>Une description d\u00e9taill\u00e9e du programme ou projet et la justification de la demande de soutien.<\/li>\n<li>Qu\u2019envisagez-vous comme retomb\u00e9es du programme ou projet en mati\u00e8re de b\u00e9n\u00e9fice, d\u2019am\u00e9lioration et de d\u00e9veloppement de votre club?<\/li>\n<li>Un budget annuel d\u00e9taill\u00e9 du programme ou projet, le montant demand\u00e9 \u00e0 la fondation et \u00e0 quelle \u00e9ch\u00e9ance.<\/li>\n<li>Quelles sont les organisations ou groupes qui participent au programme ou projet?<\/li>\n<li>Si c\u2019est un programme, est-ce un programme con\u00e7u par le bureau national?<\/li>\n<li>Quel est le d\u00e9lai d\u2019ex\u00e9cution de votre programme, projet ou campagne?<\/li>\n<li>Quelles sont vos sources de revenus (r\u00e9elles ou escompt\u00e9es)?<\/li>\n<li>Le club recevra-t-il des dons en nature pour le programme, projet ou campagne?<\/li>\n<li>Quels sont les autres bailleurs de fonds que vous avez sollicit\u00e9s?<\/li>\n<li>Quel est le montant total des fonds confirm\u00e9s jusqu\u2019\u00e0 pr\u00e9sent, r\u00e9parti comme suit :\n<ul>\n<li>Gouvernement<\/li>\n<li>Entreprises<\/li>\n<li>Fondations<\/li>\n<li>Particuliers<\/li>\n<\/ul>\n<\/li>\n<li>D\u00e9ficit \u00e0 combler pour le projet et sources de fonds escompt\u00e9es pour pallier ce d\u00e9ficit<\/li>\n<li>Dans l\u2019\u00e9ventualit\u00e9 o\u00f9 le programme ou projet ne recevait pas un soutien financier ad\u00e9quat, allez-vous continuer \u00e0 aller de l\u2019avant avec celui-ci ou comment sera-t-il modifi\u00e9?<\/li>\n<\/ul>\n<h3>S&#8217;il vous pla\u00eet, avoir votre num\u00e9ro d&#8217;enregistrement de l&#8217;organisme de bienfaisance de l&#8217;Agence du revenu du Canada en main car il sera requis pour compl\u00e9ter le formulaire de demande<\/h3>\n<h3>AUTRES DOCUMENTS REQUIS:<\/h3>\n<ul>\n<li>Les plus r\u00e9cents \u00e9tats financiers<\/li>\n<li>Le dernier budget de fonctionnement<\/li>\n<li>Le rapport annuel<\/li>\n<li>La liste des membres de votre conseil d\u2019administration et vos cadres sup\u00e9rieurs<\/li>\n<\/ul>\n<blockquote><p>Le formulaire de demande, la demande de subvention et les autres documents requis doivent \u00eatre pr\u00e9sent\u00e9s par voie \u00e9lectronique au moyen du formulaire de demande en ligne et ce, avant le 1er mai ou le 1er octobre de l&#8217;ann\u00e9e courante.<\/p><\/blockquote>\n","protected":false},"excerpt":{"rendered":"<p>Comment faire une demande de subvention Proc\u00e9dure de demande de subvention\u00a0pour les clubs membres de Repaires Jeunesse du Canada\u00a0 La fondation R. Howard Webster verse des dons uniquement \u00e0 des donataires reconnus conform\u00e9ment \u00e0 la Loi de l\u2019imp\u00f4t sur le revenu. Le formulaire de demande de subvention de la fondation doit \u00eatre rempli en ligne <a href=\"http:\/\/rhowardwebsterfoundation.rt5.ca\/fr\/repaires-jeunesse-du-canada\/procedures-dapplication\/\" class=\"more-link\">&#8230;<span class=\"screen-reader-text\">  Proc\u00e9dures d&#8217;application<\/span><\/a><\/p>\n","protected":false},"author":1,"featured_media":0,"parent":340,"menu_order":0,"comment_status":"closed","ping_status":"closed","template":"template-page-bgcc-child.php","meta":[],"acf":[],"yoast_head":"<!-- This site is optimized with the Yoast SEO plugin v20.0 - https:\/\/yoast.com\/wordpress\/plugins\/seo\/ -->\n<title>Proc\u00e9dures d&#039;application - Fondation R. Howard Webster<\/title>\n<meta name=\"robots\" content=\"noindex, follow, max-snippet:-1, max-image-preview:large, max-video-preview:-1\" \/>\n<meta property=\"og:locale\" content=\"fr_FR\" \/>\n<meta property=\"og:type\" content=\"article\" \/>\n<meta property=\"og:title\" content=\"Proc\u00e9dures d&#039;application - Fondation R. Howard Webster\" \/>\n<meta property=\"og:description\" content=\"Comment faire une demande de subvention Proc\u00e9dure de demande de subvention\u00a0pour les clubs membres de Repaires Jeunesse du Canada\u00a0 La fondation R. Howard Webster verse des dons uniquement \u00e0 des donataires reconnus conform\u00e9ment \u00e0 la Loi de l\u2019imp\u00f4t sur le revenu. Le formulaire de demande de subvention de la fondation doit \u00eatre rempli en ligne ... Proc\u00e9dures d&#8217;application\" \/>\n<meta property=\"og:url\" content=\"http:\/\/rhowardwebsterfoundation.rt5.ca\/fr\/repaires-jeunesse-du-canada\/procedures-dapplication\/\" \/>\n<meta property=\"og:site_name\" content=\"Fondation R. Howard Webster\" \/>\n<meta property=\"article:modified_time\" content=\"2019-05-17T13:49:21+00:00\" \/>\n<meta property=\"og:image\" content=\"http:\/\/rhowardwebsterfoundation.rt5.ca\/wp-content\/uploads\/2019\/09\/og-image-rhw.jpg\" \/>\n\t<meta property=\"og:image:width\" content=\"1200\" \/>\n\t<meta property=\"og:image:height\" content=\"630\" \/>\n\t<meta property=\"og:image:type\" content=\"image\/jpeg\" \/>\n<meta name=\"twitter:card\" content=\"summary_large_image\" \/>\n<meta name=\"twitter:label1\" content=\"Dur\u00e9e de lecture estim\u00e9e\" \/>\n\t<meta name=\"twitter:data1\" content=\"2 minutes\" \/>\n<script type=\"application\/ld+json\" class=\"yoast-schema-graph\">{\"@context\":\"https:\/\/schema.org\",\"@graph\":[{\"@type\":\"WebPage\",\"@id\":\"http:\/\/rhowardwebsterfoundation.rt5.ca\/fr\/repaires-jeunesse-du-canada\/procedures-dapplication\/\",\"url\":\"http:\/\/rhowardwebsterfoundation.rt5.ca\/fr\/repaires-jeunesse-du-canada\/procedures-dapplication\/\",\"name\":\"Proc\u00e9dures d'application - Fondation R. Howard Webster\",\"isPartOf\":{\"@id\":\"https:\/\/rhowardwebsterfoundation.rt5.ca\/#website\"},\"datePublished\":\"2019-01-25T20:42:15+00:00\",\"dateModified\":\"2019-05-17T13:49:21+00:00\",\"breadcrumb\":{\"@id\":\"http:\/\/rhowardwebsterfoundation.rt5.ca\/fr\/repaires-jeunesse-du-canada\/procedures-dapplication\/#breadcrumb\"},\"inLanguage\":\"fr-FR\",\"potentialAction\":[{\"@type\":\"ReadAction\",\"target\":[\"http:\/\/rhowardwebsterfoundation.rt5.ca\/fr\/repaires-jeunesse-du-canada\/procedures-dapplication\/\"]}]},{\"@type\":\"BreadcrumbList\",\"@id\":\"http:\/\/rhowardwebsterfoundation.rt5.ca\/fr\/repaires-jeunesse-du-canada\/procedures-dapplication\/#breadcrumb\",\"itemListElement\":[{\"@type\":\"ListItem\",\"position\":1,\"name\":\"Home\",\"item\":\"http:\/\/rhowardwebsterfoundation.rt5.ca\/fr\/\"},{\"@type\":\"ListItem\",\"position\":2,\"name\":\"Repaires Jeunesse du Canada\",\"item\":\"http:\/\/rhowardwebsterfoundation.rt5.ca\/fr\/repaires-jeunesse-du-canada\/\"},{\"@type\":\"ListItem\",\"position\":3,\"name\":\"Proc\u00e9dures d&#8217;application\"}]},{\"@type\":\"WebSite\",\"@id\":\"https:\/\/rhowardwebsterfoundation.rt5.ca\/#website\",\"url\":\"https:\/\/rhowardwebsterfoundation.rt5.ca\/\",\"name\":\"Fondation R. Howard Webster\",\"description\":\"\",\"potentialAction\":[{\"@type\":\"SearchAction\",\"target\":{\"@type\":\"EntryPoint\",\"urlTemplate\":\"https:\/\/rhowardwebsterfoundation.rt5.ca\/?s={search_term_string}\"},\"query-input\":\"required name=search_term_string\"}],\"inLanguage\":\"fr-FR\"}]}<\/script>\n<!-- \/ Yoast SEO plugin. -->","yoast_head_json":{"title":"Proc\u00e9dures d'application - Fondation R. Howard Webster","robots":{"index":"noindex","follow":"follow","max-snippet":"max-snippet:-1","max-image-preview":"max-image-preview:large","max-video-preview":"max-video-preview:-1"},"og_locale":"fr_FR","og_type":"article","og_title":"Proc\u00e9dures d'application - Fondation R. Howard Webster","og_description":"Comment faire une demande de subvention Proc\u00e9dure de demande de subvention\u00a0pour les clubs membres de Repaires Jeunesse du Canada\u00a0 La fondation R. Howard Webster verse des dons uniquement \u00e0 des donataires reconnus conform\u00e9ment \u00e0 la Loi de l\u2019imp\u00f4t sur le revenu. Le formulaire de demande de subvention de la fondation doit \u00eatre rempli en ligne ... Proc\u00e9dures d&#8217;application","og_url":"http:\/\/rhowardwebsterfoundation.rt5.ca\/fr\/repaires-jeunesse-du-canada\/procedures-dapplication\/","og_site_name":"Fondation R. Howard Webster","article_modified_time":"2019-05-17T13:49:21+00:00","og_image":[{"width":1200,"height":630,"url":"http:\/\/rhowardwebsterfoundation.rt5.ca\/wp-content\/uploads\/2019\/09\/og-image-rhw.jpg","type":"image\/jpeg"}],"twitter_card":"summary_large_image","twitter_misc":{"Dur\u00e9e de lecture estim\u00e9e":"2 minutes"},"schema":{"@context":"https:\/\/schema.org","@graph":[{"@type":"WebPage","@id":"http:\/\/rhowardwebsterfoundation.rt5.ca\/fr\/repaires-jeunesse-du-canada\/procedures-dapplication\/","url":"http:\/\/rhowardwebsterfoundation.rt5.ca\/fr\/repaires-jeunesse-du-canada\/procedures-dapplication\/","name":"Proc\u00e9dures d'application - Fondation R. Howard Webster","isPartOf":{"@id":"https:\/\/rhowardwebsterfoundation.rt5.ca\/#website"},"datePublished":"2019-01-25T20:42:15+00:00","dateModified":"2019-05-17T13:49:21+00:00","breadcrumb":{"@id":"http:\/\/rhowardwebsterfoundation.rt5.ca\/fr\/repaires-jeunesse-du-canada\/procedures-dapplication\/#breadcrumb"},"inLanguage":"fr-FR","potentialAction":[{"@type":"ReadAction","target":["http:\/\/rhowardwebsterfoundation.rt5.ca\/fr\/repaires-jeunesse-du-canada\/procedures-dapplication\/"]}]},{"@type":"BreadcrumbList","@id":"http:\/\/rhowardwebsterfoundation.rt5.ca\/fr\/repaires-jeunesse-du-canada\/procedures-dapplication\/#breadcrumb","itemListElement":[{"@type":"ListItem","position":1,"name":"Home","item":"http:\/\/rhowardwebsterfoundation.rt5.ca\/fr\/"},{"@type":"ListItem","position":2,"name":"Repaires Jeunesse du Canada","item":"http:\/\/rhowardwebsterfoundation.rt5.ca\/fr\/repaires-jeunesse-du-canada\/"},{"@type":"ListItem","position":3,"name":"Proc\u00e9dures d&#8217;application"}]},{"@type":"WebSite","@id":"https:\/\/rhowardwebsterfoundation.rt5.ca\/#website","url":"https:\/\/rhowardwebsterfoundation.rt5.ca\/","name":"Fondation R. Howard Webster","description":"","potentialAction":[{"@type":"SearchAction","target":{"@type":"EntryPoint","urlTemplate":"https:\/\/rhowardwebsterfoundation.rt5.ca\/?s={search_term_string}"},"query-input":"required name=search_term_string"}],"inLanguage":"fr-FR"}]}},"_links":{"self":[{"href":"http:\/\/rhowardwebsterfoundation.rt5.ca\/fr\/wp-json\/wp\/v2\/pages\/346"}],"collection":[{"href":"http:\/\/rhowardwebsterfoundation.rt5.ca\/fr\/wp-json\/wp\/v2\/pages"}],"about":[{"href":"http:\/\/rhowardwebsterfoundation.rt5.ca\/fr\/wp-json\/wp\/v2\/types\/page"}],"author":[{"embeddable":true,"href":"http:\/\/rhowardwebsterfoundation.rt5.ca\/fr\/wp-json\/wp\/v2\/users\/1"}],"replies":[{"embeddable":true,"href":"http:\/\/rhowardwebsterfoundation.rt5.ca\/fr\/wp-json\/wp\/v2\/comments?post=346"}],"version-history":[{"count":16,"href":"http:\/\/rhowardwebsterfoundation.rt5.ca\/fr\/wp-json\/wp\/v2\/pages\/346\/revisions"}],"predecessor-version":[{"id":4358,"href":"http:\/\/rhowardwebsterfoundation.rt5.ca\/fr\/wp-json\/wp\/v2\/pages\/346\/revisions\/4358"}],"up":[{"embeddable":true,"href":"http:\/\/rhowardwebsterfoundation.rt5.ca\/fr\/wp-json\/wp\/v2\/pages\/340"}],"wp:attachment":[{"href":"http:\/\/rhowardwebsterfoundation.rt5.ca\/fr\/wp-json\/wp\/v2\/media?parent=346"}],"curies":[{"name":"wp","href":"https:\/\/api.w.org\/{rel}","templated":true}]}}