{"id":4388,"date":"2019-06-17T10:26:46","date_gmt":"2019-06-17T14:26:46","guid":{"rendered":"http:\/\/rhowardwebsterfoundation.rt5.ca\/arts-culture\/"},"modified":"2019-09-05T10:18:06","modified_gmt":"2019-09-05T14:18:06","slug":"arts-culture","status":"publish","type":"page","link":"http:\/\/rhowardwebsterfoundation.rt5.ca\/fr\/arts-culture\/","title":{"rendered":"Arts et Culture"},"content":{"rendered":"<div class=\"textLayer\">\n<div class=\"textLayer\">\n<h2>Ambassadeurs du patrimoine, de la cr\u00e9ativit\u00e9 et de la diversit\u00e9 canadiennes<\/h2>\n<p>Les arts et la culture sont un \u00e9l\u00e9ment important de toute soci\u00e9t\u00e9. Ils aident \u00e0 exprimer et \u00e0 \u00e9changer des id\u00e9es de mani\u00e8re cr\u00e9ative et innovante, ils refl\u00e8tent l&#8217;histoire et l&#8217;identit\u00e9 d&#8217;un pays et de son peuple, et ils divertissent. Le Canada poss\u00e8de une abondance d&#8217;institutions culturelles et artistiques, r\u00e9parties sur l&#8217;ensemble du pays, qui repr\u00e9sentent une voie importante pour son patrimoine, sa cr\u00e9ativit\u00e9 et sa diversit\u00e9. Chaque jour, ces institutions re\u00e7oivent une multitude de visiteurs de partout dans le monde, ce qui en fait d&#8217;importants ambassadeurs du Canada et de son histoire, de ses valeurs et de ses talents, tant au pays qu&#8217;\u00e0 l&#8217;\u00e9tranger. Au fil des ans, la Fondation R. Howard Webster a soutenu des centres d&#8217;arts de la sc\u00e8ne et des arts visuels, des festivals, des mus\u00e9es, des galeries, des biblioth\u00e8ques, des \u00e9glises et bien d&#8217;autres encore, et continue de chercher des projets cr\u00e9atifs et novateurs dans le domaine des arts et de la culture qui illustrent son \u00e9nonc\u00e9 de mission.<\/p>\n<p>Nous vous invitons \u00e0 prendre le temps de consulter <a href=\"\/fr\/nouvelles\/\">nos nouvelles<\/a> pour mieux conna\u00eetre certaines de ces organismes.<\/p>\n<p class=\"endOfContent\">\n<\/div>\n<div class=\"annotationLayer\"><\/div>\n<div class=\"endOfContent\"><\/div>\n<\/div>\n<div class=\"annotationLayer\"><\/div>\n","protected":false},"excerpt":{"rendered":"<p>Ambassadeurs du patrimoine, de la cr\u00e9ativit\u00e9 et de la diversit\u00e9 canadiennes Les arts et la culture sont un \u00e9l\u00e9ment important de toute soci\u00e9t\u00e9. Ils aident \u00e0 exprimer et \u00e0 \u00e9changer des id\u00e9es de mani\u00e8re cr\u00e9ative et innovante, ils refl\u00e8tent l&#8217;histoire et l&#8217;identit\u00e9 d&#8217;un pays et de son peuple, et ils divertissent. Le Canada poss\u00e8de une <a href=\"http:\/\/rhowardwebsterfoundation.rt5.ca\/fr\/arts-culture\/\" class=\"more-link\">&#8230;<span class=\"screen-reader-text\">  Arts et Culture<\/span><\/a><\/p>\n","protected":false},"author":1,"featured_media":0,"parent":0,"menu_order":0,"comment_status":"closed","ping_status":"closed","template":"template-page-category.php","meta":[],"acf":[],"yoast_head":"<!-- This site is optimized with the Yoast SEO plugin v20.0 - https:\/\/yoast.com\/wordpress\/plugins\/seo\/ -->\n<title>Arts et Culture - Fondation R. Howard Webster<\/title>\n<meta name=\"robots\" content=\"noindex, follow, max-snippet:-1, max-image-preview:large, max-video-preview:-1\" \/>\n<meta property=\"og:locale\" content=\"fr_FR\" \/>\n<meta property=\"og:type\" content=\"article\" \/>\n<meta property=\"og:title\" content=\"Arts et Culture - Fondation R. Howard Webster\" \/>\n<meta property=\"og:description\" content=\"Ambassadeurs du patrimoine, de la cr\u00e9ativit\u00e9 et de la diversit\u00e9 canadiennes Les arts et la culture sont un \u00e9l\u00e9ment important de toute soci\u00e9t\u00e9. Ils aident \u00e0 exprimer et \u00e0 \u00e9changer des id\u00e9es de mani\u00e8re cr\u00e9ative et innovante, ils refl\u00e8tent l&#8217;histoire et l&#8217;identit\u00e9 d&#8217;un pays et de son peuple, et ils divertissent. Le Canada poss\u00e8de une ... Arts et Culture\" \/>\n<meta property=\"og:url\" content=\"http:\/\/rhowardwebsterfoundation.rt5.ca\/fr\/arts-culture\/\" \/>\n<meta property=\"og:site_name\" content=\"Fondation R. Howard Webster\" \/>\n<meta property=\"article:modified_time\" content=\"2019-09-05T14:18:06+00:00\" \/>\n<meta property=\"og:image\" content=\"http:\/\/rhowardwebsterfoundation.rt5.ca\/wp-content\/uploads\/2019\/09\/og-image-rhw.jpg\" \/>\n\t<meta property=\"og:image:width\" content=\"1200\" \/>\n\t<meta property=\"og:image:height\" content=\"630\" \/>\n\t<meta property=\"og:image:type\" content=\"image\/jpeg\" \/>\n<meta name=\"twitter:card\" content=\"summary_large_image\" \/>\n<meta name=\"twitter:label1\" content=\"Dur\u00e9e de lecture estim\u00e9e\" \/>\n\t<meta name=\"twitter:data1\" content=\"1 minute\" \/>\n<script type=\"application\/ld+json\" class=\"yoast-schema-graph\">{\"@context\":\"https:\/\/schema.org\",\"@graph\":[{\"@type\":\"WebPage\",\"@id\":\"http:\/\/rhowardwebsterfoundation.rt5.ca\/fr\/arts-culture\/\",\"url\":\"http:\/\/rhowardwebsterfoundation.rt5.ca\/fr\/arts-culture\/\",\"name\":\"Arts et Culture - Fondation R. Howard Webster\",\"isPartOf\":{\"@id\":\"http:\/\/rhowardwebsterfoundation.rt5.ca\/#website\"},\"datePublished\":\"2019-06-17T14:26:46+00:00\",\"dateModified\":\"2019-09-05T14:18:06+00:00\",\"breadcrumb\":{\"@id\":\"http:\/\/rhowardwebsterfoundation.rt5.ca\/fr\/arts-culture\/#breadcrumb\"},\"inLanguage\":\"fr-FR\",\"potentialAction\":[{\"@type\":\"ReadAction\",\"target\":[\"http:\/\/rhowardwebsterfoundation.rt5.ca\/fr\/arts-culture\/\"]}]},{\"@type\":\"BreadcrumbList\",\"@id\":\"http:\/\/rhowardwebsterfoundation.rt5.ca\/fr\/arts-culture\/#breadcrumb\",\"itemListElement\":[{\"@type\":\"ListItem\",\"position\":1,\"name\":\"Home\",\"item\":\"http:\/\/rhowardwebsterfoundation.rt5.ca\/fr\/\"},{\"@type\":\"ListItem\",\"position\":2,\"name\":\"Arts et Culture\"}]},{\"@type\":\"WebSite\",\"@id\":\"http:\/\/rhowardwebsterfoundation.rt5.ca\/#website\",\"url\":\"http:\/\/rhowardwebsterfoundation.rt5.ca\/\",\"name\":\"Fondation R. Howard Webster\",\"description\":\"\",\"potentialAction\":[{\"@type\":\"SearchAction\",\"target\":{\"@type\":\"EntryPoint\",\"urlTemplate\":\"http:\/\/rhowardwebsterfoundation.rt5.ca\/?s={search_term_string}\"},\"query-input\":\"required name=search_term_string\"}],\"inLanguage\":\"fr-FR\"}]}<\/script>\n<!-- \/ Yoast SEO plugin. -->","yoast_head_json":{"title":"Arts et Culture - Fondation R. Howard Webster","robots":{"index":"noindex","follow":"follow","max-snippet":"max-snippet:-1","max-image-preview":"max-image-preview:large","max-video-preview":"max-video-preview:-1"},"og_locale":"fr_FR","og_type":"article","og_title":"Arts et Culture - Fondation R. Howard Webster","og_description":"Ambassadeurs du patrimoine, de la cr\u00e9ativit\u00e9 et de la diversit\u00e9 canadiennes Les arts et la culture sont un \u00e9l\u00e9ment important de toute soci\u00e9t\u00e9. Ils aident \u00e0 exprimer et \u00e0 \u00e9changer des id\u00e9es de mani\u00e8re cr\u00e9ative et innovante, ils refl\u00e8tent l&#8217;histoire et l&#8217;identit\u00e9 d&#8217;un pays et de son peuple, et ils divertissent. Le Canada poss\u00e8de une ... Arts et Culture","og_url":"http:\/\/rhowardwebsterfoundation.rt5.ca\/fr\/arts-culture\/","og_site_name":"Fondation R. Howard Webster","article_modified_time":"2019-09-05T14:18:06+00:00","og_image":[{"width":1200,"height":630,"url":"http:\/\/rhowardwebsterfoundation.rt5.ca\/wp-content\/uploads\/2019\/09\/og-image-rhw.jpg","type":"image\/jpeg"}],"twitter_card":"summary_large_image","twitter_misc":{"Dur\u00e9e de lecture estim\u00e9e":"1 minute"},"schema":{"@context":"https:\/\/schema.org","@graph":[{"@type":"WebPage","@id":"http:\/\/rhowardwebsterfoundation.rt5.ca\/fr\/arts-culture\/","url":"http:\/\/rhowardwebsterfoundation.rt5.ca\/fr\/arts-culture\/","name":"Arts et Culture - Fondation R. Howard Webster","isPartOf":{"@id":"http:\/\/rhowardwebsterfoundation.rt5.ca\/#website"},"datePublished":"2019-06-17T14:26:46+00:00","dateModified":"2019-09-05T14:18:06+00:00","breadcrumb":{"@id":"http:\/\/rhowardwebsterfoundation.rt5.ca\/fr\/arts-culture\/#breadcrumb"},"inLanguage":"fr-FR","potentialAction":[{"@type":"ReadAction","target":["http:\/\/rhowardwebsterfoundation.rt5.ca\/fr\/arts-culture\/"]}]},{"@type":"BreadcrumbList","@id":"http:\/\/rhowardwebsterfoundation.rt5.ca\/fr\/arts-culture\/#breadcrumb","itemListElement":[{"@type":"ListItem","position":1,"name":"Home","item":"http:\/\/rhowardwebsterfoundation.rt5.ca\/fr\/"},{"@type":"ListItem","position":2,"name":"Arts et Culture"}]},{"@type":"WebSite","@id":"http:\/\/rhowardwebsterfoundation.rt5.ca\/#website","url":"http:\/\/rhowardwebsterfoundation.rt5.ca\/","name":"Fondation R. Howard Webster","description":"","potentialAction":[{"@type":"SearchAction","target":{"@type":"EntryPoint","urlTemplate":"http:\/\/rhowardwebsterfoundation.rt5.ca\/?s={search_term_string}"},"query-input":"required name=search_term_string"}],"inLanguage":"fr-FR"}]}},"_links":{"self":[{"href":"http:\/\/rhowardwebsterfoundation.rt5.ca\/fr\/wp-json\/wp\/v2\/pages\/4388"}],"collection":[{"href":"http:\/\/rhowardwebsterfoundation.rt5.ca\/fr\/wp-json\/wp\/v2\/pages"}],"about":[{"href":"http:\/\/rhowardwebsterfoundation.rt5.ca\/fr\/wp-json\/wp\/v2\/types\/page"}],"author":[{"embeddable":true,"href":"http:\/\/rhowardwebsterfoundation.rt5.ca\/fr\/wp-json\/wp\/v2\/users\/1"}],"replies":[{"embeddable":true,"href":"http:\/\/rhowardwebsterfoundation.rt5.ca\/fr\/wp-json\/wp\/v2\/comments?post=4388"}],"version-history":[{"count":6,"href":"http:\/\/rhowardwebsterfoundation.rt5.ca\/fr\/wp-json\/wp\/v2\/pages\/4388\/revisions"}],"predecessor-version":[{"id":4456,"href":"http:\/\/rhowardwebsterfoundation.rt5.ca\/fr\/wp-json\/wp\/v2\/pages\/4388\/revisions\/4456"}],"wp:attachment":[{"href":"http:\/\/rhowardwebsterfoundation.rt5.ca\/fr\/wp-json\/wp\/v2\/media?parent=4388"}],"curies":[{"name":"wp","href":"https:\/\/api.w.org\/{rel}","templated":true}]}}