{"id":4392,"date":"2019-06-17T10:33:34","date_gmt":"2019-06-17T14:33:34","guid":{"rendered":"http:\/\/rhowardwebsterfoundation.rt5.ca\/?page_id=4392"},"modified":"2019-06-17T10:33:48","modified_gmt":"2019-06-17T14:33:48","slug":"education","status":"publish","type":"page","link":"http:\/\/rhowardwebsterfoundation.rt5.ca\/fr\/education\/","title":{"rendered":"\u00c9ducation"},"content":{"rendered":"<div class=\"textLayer\">\n<h2>Nouvelles initiatives en \u00e9ducation<\/h2>\n<p>La Fondation R. Howard Webster continue de contribuer \u00e0 des projets inspirants dans le domaine de l\u2019\u00e9ducation. Que l\u2019on parle de bourses d\u2019\u00e9tudes ou de soutien \u00e0 des \u00e9tudiants de tous les niveaux ou \u00e0 de la recherche de pointe dans des universit\u00e9s canadiennes, du soutien \u00e0 des programmes \u00e9mergents pour des enfants aux prises avec des difficult\u00e9s d\u2019apprentissage ou de programmes en \u00e9ducation sportive, de l\u2019aide \u00e0 de nouveaux programmes \u00e9ducatifs ou de subventions vers\u00e9es \u00e0 des \u00e9coles publiques dans des r\u00e9gions \u00e9loign\u00e9es, la Fondation demeure fortement int\u00e9ress\u00e9e \u00e0 soutenir des organismes \u00e0 l\u2019avant-plan dans leurs domaines respectifs.<\/p>\n<p>Nous vous invitons \u00e0 voir <a href=\"\/fr\/nouvelles\/\">les nouvelles<\/a> et \u00e0 vous renseigner sur quelques initiatives innovantes dans divers secteurs de l\u2019\u00e9ducation qui illustrent bien la mission de la Fondation.<\/p>\n<div class=\"endOfContent\"><\/div>\n<\/div>\n<div class=\"annotationLayer\"><\/div>\n","protected":false},"excerpt":{"rendered":"<p>Nouvelles initiatives en \u00e9ducation La Fondation R. Howard Webster continue de contribuer \u00e0 des projets inspirants dans le domaine de l\u2019\u00e9ducation. Que l\u2019on parle de bourses d\u2019\u00e9tudes ou de soutien \u00e0 des \u00e9tudiants de tous les niveaux ou \u00e0 de la recherche de pointe dans des universit\u00e9s canadiennes, du soutien \u00e0 des programmes \u00e9mergents pour <a href=\"http:\/\/rhowardwebsterfoundation.rt5.ca\/fr\/education\/\" class=\"more-link\">&#8230;<span class=\"screen-reader-text\">  \u00c9ducation<\/span><\/a><\/p>\n","protected":false},"author":1,"featured_media":0,"parent":0,"menu_order":0,"comment_status":"closed","ping_status":"closed","template":"template-page-category.php","meta":[],"acf":[],"yoast_head":"<!-- This site is optimized with the Yoast SEO plugin v20.0 - https:\/\/yoast.com\/wordpress\/plugins\/seo\/ -->\n<title>\u00c9ducation - Fondation R. Howard Webster<\/title>\n<meta name=\"robots\" content=\"noindex, follow, max-snippet:-1, max-image-preview:large, max-video-preview:-1\" \/>\n<meta property=\"og:locale\" content=\"fr_FR\" \/>\n<meta property=\"og:type\" content=\"article\" \/>\n<meta property=\"og:title\" content=\"\u00c9ducation - Fondation R. Howard Webster\" \/>\n<meta property=\"og:description\" content=\"Nouvelles initiatives en \u00e9ducation La Fondation R. Howard Webster continue de contribuer \u00e0 des projets inspirants dans le domaine de l\u2019\u00e9ducation. Que l\u2019on parle de bourses d\u2019\u00e9tudes ou de soutien \u00e0 des \u00e9tudiants de tous les niveaux ou \u00e0 de la recherche de pointe dans des universit\u00e9s canadiennes, du soutien \u00e0 des programmes \u00e9mergents pour ... \u00c9ducation\" \/>\n<meta property=\"og:url\" content=\"http:\/\/rhowardwebsterfoundation.rt5.ca\/fr\/education\/\" \/>\n<meta property=\"og:site_name\" content=\"Fondation R. Howard Webster\" \/>\n<meta property=\"article:modified_time\" content=\"2019-06-17T14:33:48+00:00\" \/>\n<meta property=\"og:image\" content=\"http:\/\/rhowardwebsterfoundation.rt5.ca\/wp-content\/uploads\/2019\/09\/og-image-rhw.jpg\" \/>\n\t<meta property=\"og:image:width\" content=\"1200\" \/>\n\t<meta property=\"og:image:height\" content=\"630\" \/>\n\t<meta property=\"og:image:type\" content=\"image\/jpeg\" \/>\n<meta name=\"twitter:card\" content=\"summary_large_image\" \/>\n<meta name=\"twitter:label1\" content=\"Dur\u00e9e de lecture estim\u00e9e\" \/>\n\t<meta name=\"twitter:data1\" content=\"1 minute\" \/>\n<script type=\"application\/ld+json\" class=\"yoast-schema-graph\">{\"@context\":\"https:\/\/schema.org\",\"@graph\":[{\"@type\":\"WebPage\",\"@id\":\"http:\/\/rhowardwebsterfoundation.rt5.ca\/fr\/education\/\",\"url\":\"http:\/\/rhowardwebsterfoundation.rt5.ca\/fr\/education\/\",\"name\":\"\u00c9ducation - Fondation R. Howard Webster\",\"isPartOf\":{\"@id\":\"http:\/\/rhowardwebsterfoundation.rt5.ca\/#website\"},\"datePublished\":\"2019-06-17T14:33:34+00:00\",\"dateModified\":\"2019-06-17T14:33:48+00:00\",\"breadcrumb\":{\"@id\":\"http:\/\/rhowardwebsterfoundation.rt5.ca\/fr\/education\/#breadcrumb\"},\"inLanguage\":\"fr-FR\",\"potentialAction\":[{\"@type\":\"ReadAction\",\"target\":[\"http:\/\/rhowardwebsterfoundation.rt5.ca\/fr\/education\/\"]}]},{\"@type\":\"BreadcrumbList\",\"@id\":\"http:\/\/rhowardwebsterfoundation.rt5.ca\/fr\/education\/#breadcrumb\",\"itemListElement\":[{\"@type\":\"ListItem\",\"position\":1,\"name\":\"Home\",\"item\":\"http:\/\/rhowardwebsterfoundation.rt5.ca\/fr\/\"},{\"@type\":\"ListItem\",\"position\":2,\"name\":\"\u00c9ducation\"}]},{\"@type\":\"WebSite\",\"@id\":\"http:\/\/rhowardwebsterfoundation.rt5.ca\/#website\",\"url\":\"http:\/\/rhowardwebsterfoundation.rt5.ca\/\",\"name\":\"Fondation R. Howard Webster\",\"description\":\"\",\"potentialAction\":[{\"@type\":\"SearchAction\",\"target\":{\"@type\":\"EntryPoint\",\"urlTemplate\":\"http:\/\/rhowardwebsterfoundation.rt5.ca\/?s={search_term_string}\"},\"query-input\":\"required name=search_term_string\"}],\"inLanguage\":\"fr-FR\"}]}<\/script>\n<!-- \/ Yoast SEO plugin. -->","yoast_head_json":{"title":"\u00c9ducation - Fondation R. Howard Webster","robots":{"index":"noindex","follow":"follow","max-snippet":"max-snippet:-1","max-image-preview":"max-image-preview:large","max-video-preview":"max-video-preview:-1"},"og_locale":"fr_FR","og_type":"article","og_title":"\u00c9ducation - Fondation R. Howard Webster","og_description":"Nouvelles initiatives en \u00e9ducation La Fondation R. Howard Webster continue de contribuer \u00e0 des projets inspirants dans le domaine de l\u2019\u00e9ducation. Que l\u2019on parle de bourses d\u2019\u00e9tudes ou de soutien \u00e0 des \u00e9tudiants de tous les niveaux ou \u00e0 de la recherche de pointe dans des universit\u00e9s canadiennes, du soutien \u00e0 des programmes \u00e9mergents pour ... \u00c9ducation","og_url":"http:\/\/rhowardwebsterfoundation.rt5.ca\/fr\/education\/","og_site_name":"Fondation R. Howard Webster","article_modified_time":"2019-06-17T14:33:48+00:00","og_image":[{"width":1200,"height":630,"url":"http:\/\/rhowardwebsterfoundation.rt5.ca\/wp-content\/uploads\/2019\/09\/og-image-rhw.jpg","type":"image\/jpeg"}],"twitter_card":"summary_large_image","twitter_misc":{"Dur\u00e9e de lecture estim\u00e9e":"1 minute"},"schema":{"@context":"https:\/\/schema.org","@graph":[{"@type":"WebPage","@id":"http:\/\/rhowardwebsterfoundation.rt5.ca\/fr\/education\/","url":"http:\/\/rhowardwebsterfoundation.rt5.ca\/fr\/education\/","name":"\u00c9ducation - Fondation R. Howard Webster","isPartOf":{"@id":"http:\/\/rhowardwebsterfoundation.rt5.ca\/#website"},"datePublished":"2019-06-17T14:33:34+00:00","dateModified":"2019-06-17T14:33:48+00:00","breadcrumb":{"@id":"http:\/\/rhowardwebsterfoundation.rt5.ca\/fr\/education\/#breadcrumb"},"inLanguage":"fr-FR","potentialAction":[{"@type":"ReadAction","target":["http:\/\/rhowardwebsterfoundation.rt5.ca\/fr\/education\/"]}]},{"@type":"BreadcrumbList","@id":"http:\/\/rhowardwebsterfoundation.rt5.ca\/fr\/education\/#breadcrumb","itemListElement":[{"@type":"ListItem","position":1,"name":"Home","item":"http:\/\/rhowardwebsterfoundation.rt5.ca\/fr\/"},{"@type":"ListItem","position":2,"name":"\u00c9ducation"}]},{"@type":"WebSite","@id":"http:\/\/rhowardwebsterfoundation.rt5.ca\/#website","url":"http:\/\/rhowardwebsterfoundation.rt5.ca\/","name":"Fondation R. Howard Webster","description":"","potentialAction":[{"@type":"SearchAction","target":{"@type":"EntryPoint","urlTemplate":"http:\/\/rhowardwebsterfoundation.rt5.ca\/?s={search_term_string}"},"query-input":"required name=search_term_string"}],"inLanguage":"fr-FR"}]}},"_links":{"self":[{"href":"http:\/\/rhowardwebsterfoundation.rt5.ca\/fr\/wp-json\/wp\/v2\/pages\/4392"}],"collection":[{"href":"http:\/\/rhowardwebsterfoundation.rt5.ca\/fr\/wp-json\/wp\/v2\/pages"}],"about":[{"href":"http:\/\/rhowardwebsterfoundation.rt5.ca\/fr\/wp-json\/wp\/v2\/types\/page"}],"author":[{"embeddable":true,"href":"http:\/\/rhowardwebsterfoundation.rt5.ca\/fr\/wp-json\/wp\/v2\/users\/1"}],"replies":[{"embeddable":true,"href":"http:\/\/rhowardwebsterfoundation.rt5.ca\/fr\/wp-json\/wp\/v2\/comments?post=4392"}],"version-history":[{"count":2,"href":"http:\/\/rhowardwebsterfoundation.rt5.ca\/fr\/wp-json\/wp\/v2\/pages\/4392\/revisions"}],"predecessor-version":[{"id":4395,"href":"http:\/\/rhowardwebsterfoundation.rt5.ca\/fr\/wp-json\/wp\/v2\/pages\/4392\/revisions\/4395"}],"wp:attachment":[{"href":"http:\/\/rhowardwebsterfoundation.rt5.ca\/fr\/wp-json\/wp\/v2\/media?parent=4392"}],"curies":[{"name":"wp","href":"https:\/\/api.w.org\/{rel}","templated":true}]}}