{"id":4402,"date":"2019-06-17T10:36:55","date_gmt":"2019-06-17T14:36:55","guid":{"rendered":"http:\/\/rhowardwebsterfoundation.rt5.ca\/environment\/"},"modified":"2019-06-17T10:55:59","modified_gmt":"2019-06-17T14:55:59","slug":"environment","status":"publish","type":"page","link":"http:\/\/rhowardwebsterfoundation.rt5.ca\/fr\/environment\/","title":{"rendered":"Environnement"},"content":{"rendered":"<div class=\"textLayer\">\n<div class=\"textLayer\">\n<p>Le monde dans lequel nous vivons d\u00e9pend d&#8217;une s\u00e9rie de facteurs, et notre environnement en fait partie. Des si\u00e8cles d&#8217;abus ont consid\u00e9rablement nui \u00e0 notre environnement. C&#8217;est pourquoi nous nous devons de favoriser le changement pour en faire b\u00e9n\u00e9ficier la soci\u00e9t\u00e9 dans son ensemble. La Fondation R. Howard Webster est heureuse de soutenir des programmes novateurs qui aident \u00e0 faire avancer la recherche et qui encouragent le changement.<\/p>\n<p>Pour obtenir de plus amples renseignements sur certaines de ces programmes, veuillez consulter <a href=\"\/fr\/nouvelles\/\">nos nouvelles<\/a>.<\/p>\n<div class=\"endOfContent\"><\/div>\n<\/div>\n<div class=\"annotationLayer\"><\/div>\n<\/div>\n","protected":false},"excerpt":{"rendered":"<p>Le monde dans lequel nous vivons d\u00e9pend d&#8217;une s\u00e9rie de facteurs, et notre environnement en fait partie. Des si\u00e8cles d&#8217;abus ont consid\u00e9rablement nui \u00e0 notre environnement. C&#8217;est pourquoi nous nous devons de favoriser le changement pour en faire b\u00e9n\u00e9ficier la soci\u00e9t\u00e9 dans son ensemble. La Fondation R. Howard Webster est heureuse de soutenir des programmes <a href=\"http:\/\/rhowardwebsterfoundation.rt5.ca\/fr\/environment\/\" class=\"more-link\">&#8230;<span class=\"screen-reader-text\">  Environnement<\/span><\/a><\/p>\n","protected":false},"author":1,"featured_media":0,"parent":0,"menu_order":0,"comment_status":"closed","ping_status":"closed","template":"template-page-category.php","meta":[],"acf":[],"yoast_head":"<!-- This site is optimized with the Yoast SEO plugin v20.0 - https:\/\/yoast.com\/wordpress\/plugins\/seo\/ -->\n<title>Environnement - Fondation R. Howard Webster<\/title>\n<meta name=\"robots\" content=\"noindex, follow, max-snippet:-1, max-image-preview:large, max-video-preview:-1\" \/>\n<meta property=\"og:locale\" content=\"fr_FR\" \/>\n<meta property=\"og:type\" content=\"article\" \/>\n<meta property=\"og:title\" content=\"Environnement - Fondation R. Howard Webster\" \/>\n<meta property=\"og:description\" content=\"Le monde dans lequel nous vivons d\u00e9pend d&#8217;une s\u00e9rie de facteurs, et notre environnement en fait partie. Des si\u00e8cles d&#8217;abus ont consid\u00e9rablement nui \u00e0 notre environnement. C&#8217;est pourquoi nous nous devons de favoriser le changement pour en faire b\u00e9n\u00e9ficier la soci\u00e9t\u00e9 dans son ensemble. La Fondation R. Howard Webster est heureuse de soutenir des programmes ... Environnement\" \/>\n<meta property=\"og:url\" content=\"http:\/\/rhowardwebsterfoundation.rt5.ca\/fr\/environment\/\" \/>\n<meta property=\"og:site_name\" content=\"Fondation R. Howard Webster\" \/>\n<meta property=\"article:modified_time\" content=\"2019-06-17T14:55:59+00:00\" \/>\n<meta property=\"og:image\" content=\"http:\/\/rhowardwebsterfoundation.rt5.ca\/wp-content\/uploads\/2019\/09\/og-image-rhw.jpg\" \/>\n\t<meta property=\"og:image:width\" content=\"1200\" \/>\n\t<meta property=\"og:image:height\" content=\"630\" \/>\n\t<meta property=\"og:image:type\" content=\"image\/jpeg\" \/>\n<meta name=\"twitter:card\" content=\"summary_large_image\" \/>\n<script type=\"application\/ld+json\" class=\"yoast-schema-graph\">{\"@context\":\"https:\/\/schema.org\",\"@graph\":[{\"@type\":\"WebPage\",\"@id\":\"http:\/\/rhowardwebsterfoundation.rt5.ca\/fr\/environment\/\",\"url\":\"http:\/\/rhowardwebsterfoundation.rt5.ca\/fr\/environment\/\",\"name\":\"Environnement - Fondation R. Howard Webster\",\"isPartOf\":{\"@id\":\"http:\/\/rhowardwebsterfoundation.rt5.ca\/#website\"},\"datePublished\":\"2019-06-17T14:36:55+00:00\",\"dateModified\":\"2019-06-17T14:55:59+00:00\",\"breadcrumb\":{\"@id\":\"http:\/\/rhowardwebsterfoundation.rt5.ca\/fr\/environment\/#breadcrumb\"},\"inLanguage\":\"fr-FR\",\"potentialAction\":[{\"@type\":\"ReadAction\",\"target\":[\"http:\/\/rhowardwebsterfoundation.rt5.ca\/fr\/environment\/\"]}]},{\"@type\":\"BreadcrumbList\",\"@id\":\"http:\/\/rhowardwebsterfoundation.rt5.ca\/fr\/environment\/#breadcrumb\",\"itemListElement\":[{\"@type\":\"ListItem\",\"position\":1,\"name\":\"Home\",\"item\":\"http:\/\/rhowardwebsterfoundation.rt5.ca\/fr\/\"},{\"@type\":\"ListItem\",\"position\":2,\"name\":\"Environnement\"}]},{\"@type\":\"WebSite\",\"@id\":\"http:\/\/rhowardwebsterfoundation.rt5.ca\/#website\",\"url\":\"http:\/\/rhowardwebsterfoundation.rt5.ca\/\",\"name\":\"Fondation R. Howard Webster\",\"description\":\"\",\"potentialAction\":[{\"@type\":\"SearchAction\",\"target\":{\"@type\":\"EntryPoint\",\"urlTemplate\":\"http:\/\/rhowardwebsterfoundation.rt5.ca\/?s={search_term_string}\"},\"query-input\":\"required name=search_term_string\"}],\"inLanguage\":\"fr-FR\"}]}<\/script>\n<!-- \/ Yoast SEO plugin. -->","yoast_head_json":{"title":"Environnement - Fondation R. Howard Webster","robots":{"index":"noindex","follow":"follow","max-snippet":"max-snippet:-1","max-image-preview":"max-image-preview:large","max-video-preview":"max-video-preview:-1"},"og_locale":"fr_FR","og_type":"article","og_title":"Environnement - Fondation R. Howard Webster","og_description":"Le monde dans lequel nous vivons d\u00e9pend d&#8217;une s\u00e9rie de facteurs, et notre environnement en fait partie. Des si\u00e8cles d&#8217;abus ont consid\u00e9rablement nui \u00e0 notre environnement. C&#8217;est pourquoi nous nous devons de favoriser le changement pour en faire b\u00e9n\u00e9ficier la soci\u00e9t\u00e9 dans son ensemble. La Fondation R. Howard Webster est heureuse de soutenir des programmes ... Environnement","og_url":"http:\/\/rhowardwebsterfoundation.rt5.ca\/fr\/environment\/","og_site_name":"Fondation R. Howard Webster","article_modified_time":"2019-06-17T14:55:59+00:00","og_image":[{"width":1200,"height":630,"url":"http:\/\/rhowardwebsterfoundation.rt5.ca\/wp-content\/uploads\/2019\/09\/og-image-rhw.jpg","type":"image\/jpeg"}],"twitter_card":"summary_large_image","schema":{"@context":"https:\/\/schema.org","@graph":[{"@type":"WebPage","@id":"http:\/\/rhowardwebsterfoundation.rt5.ca\/fr\/environment\/","url":"http:\/\/rhowardwebsterfoundation.rt5.ca\/fr\/environment\/","name":"Environnement - Fondation R. Howard Webster","isPartOf":{"@id":"http:\/\/rhowardwebsterfoundation.rt5.ca\/#website"},"datePublished":"2019-06-17T14:36:55+00:00","dateModified":"2019-06-17T14:55:59+00:00","breadcrumb":{"@id":"http:\/\/rhowardwebsterfoundation.rt5.ca\/fr\/environment\/#breadcrumb"},"inLanguage":"fr-FR","potentialAction":[{"@type":"ReadAction","target":["http:\/\/rhowardwebsterfoundation.rt5.ca\/fr\/environment\/"]}]},{"@type":"BreadcrumbList","@id":"http:\/\/rhowardwebsterfoundation.rt5.ca\/fr\/environment\/#breadcrumb","itemListElement":[{"@type":"ListItem","position":1,"name":"Home","item":"http:\/\/rhowardwebsterfoundation.rt5.ca\/fr\/"},{"@type":"ListItem","position":2,"name":"Environnement"}]},{"@type":"WebSite","@id":"http:\/\/rhowardwebsterfoundation.rt5.ca\/#website","url":"http:\/\/rhowardwebsterfoundation.rt5.ca\/","name":"Fondation R. Howard Webster","description":"","potentialAction":[{"@type":"SearchAction","target":{"@type":"EntryPoint","urlTemplate":"http:\/\/rhowardwebsterfoundation.rt5.ca\/?s={search_term_string}"},"query-input":"required name=search_term_string"}],"inLanguage":"fr-FR"}]}},"_links":{"self":[{"href":"http:\/\/rhowardwebsterfoundation.rt5.ca\/fr\/wp-json\/wp\/v2\/pages\/4402"}],"collection":[{"href":"http:\/\/rhowardwebsterfoundation.rt5.ca\/fr\/wp-json\/wp\/v2\/pages"}],"about":[{"href":"http:\/\/rhowardwebsterfoundation.rt5.ca\/fr\/wp-json\/wp\/v2\/types\/page"}],"author":[{"embeddable":true,"href":"http:\/\/rhowardwebsterfoundation.rt5.ca\/fr\/wp-json\/wp\/v2\/users\/1"}],"replies":[{"embeddable":true,"href":"http:\/\/rhowardwebsterfoundation.rt5.ca\/fr\/wp-json\/wp\/v2\/comments?post=4402"}],"version-history":[{"count":2,"href":"http:\/\/rhowardwebsterfoundation.rt5.ca\/fr\/wp-json\/wp\/v2\/pages\/4402\/revisions"}],"predecessor-version":[{"id":4405,"href":"http:\/\/rhowardwebsterfoundation.rt5.ca\/fr\/wp-json\/wp\/v2\/pages\/4402\/revisions\/4405"}],"wp:attachment":[{"href":"http:\/\/rhowardwebsterfoundation.rt5.ca\/fr\/wp-json\/wp\/v2\/media?parent=4402"}],"curies":[{"name":"wp","href":"https:\/\/api.w.org\/{rel}","templated":true}]}}