{"id":4407,"date":"2019-06-17T10:58:27","date_gmt":"2019-06-17T14:58:27","guid":{"rendered":"http:\/\/rhowardwebsterfoundation.rt5.ca\/?page_id=4407"},"modified":"2019-09-05T10:19:13","modified_gmt":"2019-09-05T14:19:13","slug":"medical","status":"publish","type":"page","link":"http:\/\/rhowardwebsterfoundation.rt5.ca\/fr\/medical\/","title":{"rendered":"M\u00e9dical"},"content":{"rendered":"<div class=\"textLayer\">\n<h2>Soutenir le progr\u00e8s m\u00e9dical<\/h2>\n<p>Depuis plus de cinquante ans, la Fondation R. Howard Webster soutient des initiatives dans divers secteurs du monde m\u00e9dical, y compris les infrastructures, la sant\u00e9 et la recherche. \u00c0 travers les ans, la port\u00e9e fondatrice de la Fondation s\u2019est \u00e9largie et a \u00e9volu\u00e9 en tandem avec les progr\u00e8s de la science et de la pratique de la m\u00e9decine. Les investissements de la Fondation dans le domaine des soins palliatifs, un domaine \u00e9mergent dans les ann\u00e9es 1990, et plus r\u00e9cemment son soutien aux avanc\u00e9es dans de nouveaux programmes offrant des ressources et des conseils aux patients souffrant de cancer, l\u2019aide aux personnes \u00e0 la recherche de traitements m\u00e9dicaux accessibles, et la recherche dans des domaines comme les maladies auto-immunes, la neurologie et d\u2019autres maladies chroniques, sont des exemples clairs de l\u2019engagement de la Fondation envers le bien-\u00eatre de l\u2019humanit\u00e9.<\/p>\n<p>Nous vous invitons \u00e0 prendre le temps de consulter <a href=\"\/fr\/nouvelles\/\">nos nouvelles<\/a> pour mieux conna\u00eetre certaines de ces organismes canadiens qui se d\u00e9vouent pour le bien-\u00eatre de leurs concitoyens et pour d\u00e9couvrir leurs programmes inspirants.<\/p>\n<div class=\"endOfContent\"><\/div>\n<\/div>\n<div class=\"annotationLayer\"><\/div>\n","protected":false},"excerpt":{"rendered":"<p>Soutenir le progr\u00e8s m\u00e9dical Depuis plus de cinquante ans, la Fondation R. Howard Webster soutient des initiatives dans divers secteurs du monde m\u00e9dical, y compris les infrastructures, la sant\u00e9 et la recherche. \u00c0 travers les ans, la port\u00e9e fondatrice de la Fondation s\u2019est \u00e9largie et a \u00e9volu\u00e9 en tandem avec les progr\u00e8s de la science <a href=\"http:\/\/rhowardwebsterfoundation.rt5.ca\/fr\/medical\/\" class=\"more-link\">&#8230;<span class=\"screen-reader-text\">  M\u00e9dical<\/span><\/a><\/p>\n","protected":false},"author":1,"featured_media":0,"parent":0,"menu_order":0,"comment_status":"closed","ping_status":"closed","template":"template-page-category.php","meta":[],"acf":[],"yoast_head":"<!-- This site is optimized with the Yoast SEO plugin v20.0 - https:\/\/yoast.com\/wordpress\/plugins\/seo\/ -->\n<title>M\u00e9dical - Fondation R. Howard Webster<\/title>\n<meta name=\"robots\" content=\"noindex, follow, max-snippet:-1, max-image-preview:large, max-video-preview:-1\" \/>\n<meta property=\"og:locale\" content=\"fr_FR\" \/>\n<meta property=\"og:type\" content=\"article\" \/>\n<meta property=\"og:title\" content=\"M\u00e9dical - Fondation R. Howard Webster\" \/>\n<meta property=\"og:description\" content=\"Soutenir le progr\u00e8s m\u00e9dical Depuis plus de cinquante ans, la Fondation R. Howard Webster soutient des initiatives dans divers secteurs du monde m\u00e9dical, y compris les infrastructures, la sant\u00e9 et la recherche. \u00c0 travers les ans, la port\u00e9e fondatrice de la Fondation s\u2019est \u00e9largie et a \u00e9volu\u00e9 en tandem avec les progr\u00e8s de la science ... M\u00e9dical\" \/>\n<meta property=\"og:url\" content=\"http:\/\/rhowardwebsterfoundation.rt5.ca\/fr\/medical\/\" \/>\n<meta property=\"og:site_name\" content=\"Fondation R. Howard Webster\" \/>\n<meta property=\"article:modified_time\" content=\"2019-09-05T14:19:13+00:00\" \/>\n<meta property=\"og:image\" content=\"http:\/\/rhowardwebsterfoundation.rt5.ca\/wp-content\/uploads\/2019\/09\/og-image-rhw.jpg\" \/>\n\t<meta property=\"og:image:width\" content=\"1200\" \/>\n\t<meta property=\"og:image:height\" content=\"630\" \/>\n\t<meta property=\"og:image:type\" content=\"image\/jpeg\" \/>\n<meta name=\"twitter:card\" content=\"summary_large_image\" \/>\n<meta name=\"twitter:label1\" content=\"Dur\u00e9e de lecture estim\u00e9e\" \/>\n\t<meta name=\"twitter:data1\" content=\"1 minute\" \/>\n<script type=\"application\/ld+json\" class=\"yoast-schema-graph\">{\"@context\":\"https:\/\/schema.org\",\"@graph\":[{\"@type\":\"WebPage\",\"@id\":\"http:\/\/rhowardwebsterfoundation.rt5.ca\/fr\/medical\/\",\"url\":\"http:\/\/rhowardwebsterfoundation.rt5.ca\/fr\/medical\/\",\"name\":\"M\u00e9dical - Fondation R. Howard Webster\",\"isPartOf\":{\"@id\":\"https:\/\/rhowardwebsterfoundation.rt5.ca\/#website\"},\"datePublished\":\"2019-06-17T14:58:27+00:00\",\"dateModified\":\"2019-09-05T14:19:13+00:00\",\"breadcrumb\":{\"@id\":\"http:\/\/rhowardwebsterfoundation.rt5.ca\/fr\/medical\/#breadcrumb\"},\"inLanguage\":\"fr-FR\",\"potentialAction\":[{\"@type\":\"ReadAction\",\"target\":[\"http:\/\/rhowardwebsterfoundation.rt5.ca\/fr\/medical\/\"]}]},{\"@type\":\"BreadcrumbList\",\"@id\":\"http:\/\/rhowardwebsterfoundation.rt5.ca\/fr\/medical\/#breadcrumb\",\"itemListElement\":[{\"@type\":\"ListItem\",\"position\":1,\"name\":\"Home\",\"item\":\"http:\/\/rhowardwebsterfoundation.rt5.ca\/fr\/\"},{\"@type\":\"ListItem\",\"position\":2,\"name\":\"M\u00e9dical\"}]},{\"@type\":\"WebSite\",\"@id\":\"https:\/\/rhowardwebsterfoundation.rt5.ca\/#website\",\"url\":\"https:\/\/rhowardwebsterfoundation.rt5.ca\/\",\"name\":\"Fondation R. Howard Webster\",\"description\":\"\",\"potentialAction\":[{\"@type\":\"SearchAction\",\"target\":{\"@type\":\"EntryPoint\",\"urlTemplate\":\"https:\/\/rhowardwebsterfoundation.rt5.ca\/?s={search_term_string}\"},\"query-input\":\"required name=search_term_string\"}],\"inLanguage\":\"fr-FR\"}]}<\/script>\n<!-- \/ Yoast SEO plugin. -->","yoast_head_json":{"title":"M\u00e9dical - Fondation R. Howard Webster","robots":{"index":"noindex","follow":"follow","max-snippet":"max-snippet:-1","max-image-preview":"max-image-preview:large","max-video-preview":"max-video-preview:-1"},"og_locale":"fr_FR","og_type":"article","og_title":"M\u00e9dical - Fondation R. Howard Webster","og_description":"Soutenir le progr\u00e8s m\u00e9dical Depuis plus de cinquante ans, la Fondation R. Howard Webster soutient des initiatives dans divers secteurs du monde m\u00e9dical, y compris les infrastructures, la sant\u00e9 et la recherche. \u00c0 travers les ans, la port\u00e9e fondatrice de la Fondation s\u2019est \u00e9largie et a \u00e9volu\u00e9 en tandem avec les progr\u00e8s de la science ... M\u00e9dical","og_url":"http:\/\/rhowardwebsterfoundation.rt5.ca\/fr\/medical\/","og_site_name":"Fondation R. Howard Webster","article_modified_time":"2019-09-05T14:19:13+00:00","og_image":[{"width":1200,"height":630,"url":"http:\/\/rhowardwebsterfoundation.rt5.ca\/wp-content\/uploads\/2019\/09\/og-image-rhw.jpg","type":"image\/jpeg"}],"twitter_card":"summary_large_image","twitter_misc":{"Dur\u00e9e de lecture estim\u00e9e":"1 minute"},"schema":{"@context":"https:\/\/schema.org","@graph":[{"@type":"WebPage","@id":"http:\/\/rhowardwebsterfoundation.rt5.ca\/fr\/medical\/","url":"http:\/\/rhowardwebsterfoundation.rt5.ca\/fr\/medical\/","name":"M\u00e9dical - Fondation R. Howard Webster","isPartOf":{"@id":"https:\/\/rhowardwebsterfoundation.rt5.ca\/#website"},"datePublished":"2019-06-17T14:58:27+00:00","dateModified":"2019-09-05T14:19:13+00:00","breadcrumb":{"@id":"http:\/\/rhowardwebsterfoundation.rt5.ca\/fr\/medical\/#breadcrumb"},"inLanguage":"fr-FR","potentialAction":[{"@type":"ReadAction","target":["http:\/\/rhowardwebsterfoundation.rt5.ca\/fr\/medical\/"]}]},{"@type":"BreadcrumbList","@id":"http:\/\/rhowardwebsterfoundation.rt5.ca\/fr\/medical\/#breadcrumb","itemListElement":[{"@type":"ListItem","position":1,"name":"Home","item":"http:\/\/rhowardwebsterfoundation.rt5.ca\/fr\/"},{"@type":"ListItem","position":2,"name":"M\u00e9dical"}]},{"@type":"WebSite","@id":"https:\/\/rhowardwebsterfoundation.rt5.ca\/#website","url":"https:\/\/rhowardwebsterfoundation.rt5.ca\/","name":"Fondation R. Howard Webster","description":"","potentialAction":[{"@type":"SearchAction","target":{"@type":"EntryPoint","urlTemplate":"https:\/\/rhowardwebsterfoundation.rt5.ca\/?s={search_term_string}"},"query-input":"required name=search_term_string"}],"inLanguage":"fr-FR"}]}},"_links":{"self":[{"href":"http:\/\/rhowardwebsterfoundation.rt5.ca\/fr\/wp-json\/wp\/v2\/pages\/4407"}],"collection":[{"href":"http:\/\/rhowardwebsterfoundation.rt5.ca\/fr\/wp-json\/wp\/v2\/pages"}],"about":[{"href":"http:\/\/rhowardwebsterfoundation.rt5.ca\/fr\/wp-json\/wp\/v2\/types\/page"}],"author":[{"embeddable":true,"href":"http:\/\/rhowardwebsterfoundation.rt5.ca\/fr\/wp-json\/wp\/v2\/users\/1"}],"replies":[{"embeddable":true,"href":"http:\/\/rhowardwebsterfoundation.rt5.ca\/fr\/wp-json\/wp\/v2\/comments?post=4407"}],"version-history":[{"count":3,"href":"http:\/\/rhowardwebsterfoundation.rt5.ca\/fr\/wp-json\/wp\/v2\/pages\/4407\/revisions"}],"predecessor-version":[{"id":4457,"href":"http:\/\/rhowardwebsterfoundation.rt5.ca\/fr\/wp-json\/wp\/v2\/pages\/4407\/revisions\/4457"}],"wp:attachment":[{"href":"http:\/\/rhowardwebsterfoundation.rt5.ca\/fr\/wp-json\/wp\/v2\/media?parent=4407"}],"curies":[{"name":"wp","href":"https:\/\/api.w.org\/{rel}","templated":true}]}}