{"id":4415,"date":"2019-06-17T11:05:08","date_gmt":"2019-06-17T15:05:08","guid":{"rendered":"http:\/\/rhowardwebsterfoundation.rt5.ca\/social-services\/"},"modified":"2019-09-05T10:20:15","modified_gmt":"2019-09-05T14:20:15","slug":"social-services","status":"publish","type":"page","link":"http:\/\/rhowardwebsterfoundation.rt5.ca\/fr\/social-services\/","title":{"rendered":"Services sociaux"},"content":{"rendered":"<div class=\"textLayer\">\n<h2>Faire progresser les services sociaux dans notre soci\u00e9t\u00e9<\/h2>\n<p>Au c\u0153ur de la mission de la Fondation R. Howard Webster est sa volont\u00e9 d&#8217;appuyer les organismes dont le travail est ax\u00e9 sur l&#8217;avancement de la soci\u00e9t\u00e9 canadienne. Depuis sa cr\u00e9ation, la Fondation a soutenu d&#8217;importantes campagnes de financement et a fait des dizaines de petits, mais importants, dons \u00e0 des institutions qui travaillent dans la rue, parmi les jeunes en difficult\u00e9, les sans-abri ou les familles qui vivent des moments difficiles.<\/p>\n<p>En hommage \u00e0 la vision de son fondateur, R. Howard Webster, la Fondation continue d&#8217;accorder des subventions \u00e0 un large \u00e9ventail d&#8217;organismes de services sociaux dont les projets et les programmes visent \u00e0 aider les personnes en difficult\u00e9 dans la soci\u00e9t\u00e9 d&#8217;aujourd&#8217;hui, ou qui incitent l&#8217;ensemble de la population \u00e0 s&#8217;impliquer davantage dans les affaires communautaires et \u00e0 faire des choix de vie plus sains.<\/p>\n<p>Les activit\u00e9s d&#8217;octroi de subventions de la Fondation dans le domaine des services sociaux se concentrent sur les domaines suivants :<\/p>\n<ul>\n<li>sant\u00e9 mentale<\/li>\n<li>s\u00e9curit\u00e9 alimentaire<\/li>\n<li>\u00e9limination de l&#8217;itin\u00e9rance<\/li>\n<li>soutien aux membres vuln\u00e9rables de la population, comme les anciens combattants canadiens, les jeunes \u00e0 risque, les personnes \u00e2g\u00e9es, les victimes de violence et de la traite sexuelle, les personnes ayant une d\u00e9ficience physique et intellectuelle, et bien d&#8217;autres encore<\/li>\n<li>promotion de l&#8217;engagement communautaire<\/li>\n<li>am\u00e9lioration de l&#8217;acc\u00e8s aux sports et aux loisirs<\/li>\n<\/ul>\n<h3>Soutenir notre jeunesse canadienne, les chefs de file de demain<\/h3>\n<p>Que l\u2019on parle des programmes de petit-d\u00e9jeuner, pour lesquels il fut un v\u00e9ritable pionnier, ou de programmes de sensibilisation aux drogues, ou encore d\u2019activit\u00e9s apr\u00e8s les classes, le regrett\u00e9 R. Howard Webster \u00e9tait toujours l\u00e0 pour aider au d\u00e9veloppement de nouvelles g\u00e9n\u00e9rations de Canadiens. C\u2019est gr\u00e2ce \u00e0 sa g\u00e9n\u00e9rosit\u00e9 si de nombreux jeunes d\u00e9favoris\u00e9s ou \u00e0 risque ont pu, entre autres, aller \u00e0 des camps d\u2019\u00e9t\u00e9, se doter de comp\u00e9tences en leadership, et participer \u00e0 des activit\u00e9s sportives ou culturelles. Avan\u00e7ant dans la foul\u00e9e de son fondateur, la Fondation R. Howard Webster a pour mission de continuer \u00e0 soutenir des programmes progressifs et novateurs et des projets con\u00e7us pour aider les jeunes Canadiens \u00e0 r\u00e9aliser leur plein potentiel en tant que chefs de file de demain pour assurer le mieux-\u00eatre de notre soci\u00e9t\u00e9.<\/p>\n<h3>L\u2019engagement civique aupr\u00e8s des jeunes Canadiens est important pour l\u2019avenir&#8230;<\/h3>\n<p>L\u2019engagement civique aupr\u00e8s des jeunes Canadiens est important pour l\u2019avenir de notre pays. Munis des bons outils et d\u2019opportunit\u00e9s int\u00e9ressantes, nos jeunes seront encourag\u00e9s \u00e0 s\u2019impliquer davantage dans les affaires de leur communaut\u00e9 et dans le processus d\u00e9mocratique.<\/p>\n<p>Nous sommes fiers de mettre en lumi\u00e8re certains de ces programmes con\u00e7us en faveur de la soci\u00e9t\u00e9 canadienne dans la section <a href=\"\/fr\/nouvelles\/\">Nouvelles<\/a>.<\/p>\n<\/div>\n","protected":false},"excerpt":{"rendered":"<p>Faire progresser les services sociaux dans notre soci\u00e9t\u00e9 Au c\u0153ur de la mission de la Fondation R. Howard Webster est sa volont\u00e9 d&#8217;appuyer les organismes dont le travail est ax\u00e9 sur l&#8217;avancement de la soci\u00e9t\u00e9 canadienne. Depuis sa cr\u00e9ation, la Fondation a soutenu d&#8217;importantes campagnes de financement et a fait des dizaines de petits, mais <a href=\"http:\/\/rhowardwebsterfoundation.rt5.ca\/fr\/social-services\/\" class=\"more-link\">&#8230;<span class=\"screen-reader-text\">  Services sociaux<\/span><\/a><\/p>\n","protected":false},"author":1,"featured_media":0,"parent":0,"menu_order":0,"comment_status":"closed","ping_status":"closed","template":"template-page-category.php","meta":[],"acf":[],"yoast_head":"<!-- This site is optimized with the Yoast SEO plugin v20.0 - https:\/\/yoast.com\/wordpress\/plugins\/seo\/ -->\n<title>Services sociaux - Fondation R. Howard Webster<\/title>\n<meta name=\"robots\" content=\"noindex, follow, max-snippet:-1, max-image-preview:large, max-video-preview:-1\" \/>\n<meta property=\"og:locale\" content=\"fr_FR\" \/>\n<meta property=\"og:type\" content=\"article\" \/>\n<meta property=\"og:title\" content=\"Services sociaux - Fondation R. Howard Webster\" \/>\n<meta property=\"og:description\" content=\"Faire progresser les services sociaux dans notre soci\u00e9t\u00e9 Au c\u0153ur de la mission de la Fondation R. Howard Webster est sa volont\u00e9 d&#8217;appuyer les organismes dont le travail est ax\u00e9 sur l&#8217;avancement de la soci\u00e9t\u00e9 canadienne. Depuis sa cr\u00e9ation, la Fondation a soutenu d&#8217;importantes campagnes de financement et a fait des dizaines de petits, mais ... Services sociaux\" \/>\n<meta property=\"og:url\" content=\"http:\/\/rhowardwebsterfoundation.rt5.ca\/fr\/social-services\/\" \/>\n<meta property=\"og:site_name\" content=\"Fondation R. Howard Webster\" \/>\n<meta property=\"article:modified_time\" content=\"2019-09-05T14:20:15+00:00\" \/>\n<meta property=\"og:image\" content=\"http:\/\/rhowardwebsterfoundation.rt5.ca\/wp-content\/uploads\/2019\/09\/og-image-rhw.jpg\" \/>\n\t<meta property=\"og:image:width\" content=\"1200\" \/>\n\t<meta property=\"og:image:height\" content=\"630\" \/>\n\t<meta property=\"og:image:type\" content=\"image\/jpeg\" \/>\n<meta name=\"twitter:card\" content=\"summary_large_image\" \/>\n<meta name=\"twitter:label1\" content=\"Dur\u00e9e de lecture estim\u00e9e\" \/>\n\t<meta name=\"twitter:data1\" content=\"2 minutes\" \/>\n<script type=\"application\/ld+json\" class=\"yoast-schema-graph\">{\"@context\":\"https:\/\/schema.org\",\"@graph\":[{\"@type\":\"WebPage\",\"@id\":\"http:\/\/rhowardwebsterfoundation.rt5.ca\/fr\/social-services\/\",\"url\":\"http:\/\/rhowardwebsterfoundation.rt5.ca\/fr\/social-services\/\",\"name\":\"Services sociaux - Fondation R. Howard Webster\",\"isPartOf\":{\"@id\":\"http:\/\/rhowardwebsterfoundation.rt5.ca\/#website\"},\"datePublished\":\"2019-06-17T15:05:08+00:00\",\"dateModified\":\"2019-09-05T14:20:15+00:00\",\"breadcrumb\":{\"@id\":\"http:\/\/rhowardwebsterfoundation.rt5.ca\/fr\/social-services\/#breadcrumb\"},\"inLanguage\":\"fr-FR\",\"potentialAction\":[{\"@type\":\"ReadAction\",\"target\":[\"http:\/\/rhowardwebsterfoundation.rt5.ca\/fr\/social-services\/\"]}]},{\"@type\":\"BreadcrumbList\",\"@id\":\"http:\/\/rhowardwebsterfoundation.rt5.ca\/fr\/social-services\/#breadcrumb\",\"itemListElement\":[{\"@type\":\"ListItem\",\"position\":1,\"name\":\"Home\",\"item\":\"http:\/\/rhowardwebsterfoundation.rt5.ca\/fr\/\"},{\"@type\":\"ListItem\",\"position\":2,\"name\":\"Services sociaux\"}]},{\"@type\":\"WebSite\",\"@id\":\"http:\/\/rhowardwebsterfoundation.rt5.ca\/#website\",\"url\":\"http:\/\/rhowardwebsterfoundation.rt5.ca\/\",\"name\":\"Fondation R. Howard Webster\",\"description\":\"\",\"potentialAction\":[{\"@type\":\"SearchAction\",\"target\":{\"@type\":\"EntryPoint\",\"urlTemplate\":\"http:\/\/rhowardwebsterfoundation.rt5.ca\/?s={search_term_string}\"},\"query-input\":\"required name=search_term_string\"}],\"inLanguage\":\"fr-FR\"}]}<\/script>\n<!-- \/ Yoast SEO plugin. -->","yoast_head_json":{"title":"Services sociaux - Fondation R. Howard Webster","robots":{"index":"noindex","follow":"follow","max-snippet":"max-snippet:-1","max-image-preview":"max-image-preview:large","max-video-preview":"max-video-preview:-1"},"og_locale":"fr_FR","og_type":"article","og_title":"Services sociaux - Fondation R. Howard Webster","og_description":"Faire progresser les services sociaux dans notre soci\u00e9t\u00e9 Au c\u0153ur de la mission de la Fondation R. Howard Webster est sa volont\u00e9 d&#8217;appuyer les organismes dont le travail est ax\u00e9 sur l&#8217;avancement de la soci\u00e9t\u00e9 canadienne. Depuis sa cr\u00e9ation, la Fondation a soutenu d&#8217;importantes campagnes de financement et a fait des dizaines de petits, mais ... Services sociaux","og_url":"http:\/\/rhowardwebsterfoundation.rt5.ca\/fr\/social-services\/","og_site_name":"Fondation R. Howard Webster","article_modified_time":"2019-09-05T14:20:15+00:00","og_image":[{"width":1200,"height":630,"url":"http:\/\/rhowardwebsterfoundation.rt5.ca\/wp-content\/uploads\/2019\/09\/og-image-rhw.jpg","type":"image\/jpeg"}],"twitter_card":"summary_large_image","twitter_misc":{"Dur\u00e9e de lecture estim\u00e9e":"2 minutes"},"schema":{"@context":"https:\/\/schema.org","@graph":[{"@type":"WebPage","@id":"http:\/\/rhowardwebsterfoundation.rt5.ca\/fr\/social-services\/","url":"http:\/\/rhowardwebsterfoundation.rt5.ca\/fr\/social-services\/","name":"Services sociaux - Fondation R. Howard Webster","isPartOf":{"@id":"http:\/\/rhowardwebsterfoundation.rt5.ca\/#website"},"datePublished":"2019-06-17T15:05:08+00:00","dateModified":"2019-09-05T14:20:15+00:00","breadcrumb":{"@id":"http:\/\/rhowardwebsterfoundation.rt5.ca\/fr\/social-services\/#breadcrumb"},"inLanguage":"fr-FR","potentialAction":[{"@type":"ReadAction","target":["http:\/\/rhowardwebsterfoundation.rt5.ca\/fr\/social-services\/"]}]},{"@type":"BreadcrumbList","@id":"http:\/\/rhowardwebsterfoundation.rt5.ca\/fr\/social-services\/#breadcrumb","itemListElement":[{"@type":"ListItem","position":1,"name":"Home","item":"http:\/\/rhowardwebsterfoundation.rt5.ca\/fr\/"},{"@type":"ListItem","position":2,"name":"Services sociaux"}]},{"@type":"WebSite","@id":"http:\/\/rhowardwebsterfoundation.rt5.ca\/#website","url":"http:\/\/rhowardwebsterfoundation.rt5.ca\/","name":"Fondation R. Howard Webster","description":"","potentialAction":[{"@type":"SearchAction","target":{"@type":"EntryPoint","urlTemplate":"http:\/\/rhowardwebsterfoundation.rt5.ca\/?s={search_term_string}"},"query-input":"required name=search_term_string"}],"inLanguage":"fr-FR"}]}},"_links":{"self":[{"href":"http:\/\/rhowardwebsterfoundation.rt5.ca\/fr\/wp-json\/wp\/v2\/pages\/4415"}],"collection":[{"href":"http:\/\/rhowardwebsterfoundation.rt5.ca\/fr\/wp-json\/wp\/v2\/pages"}],"about":[{"href":"http:\/\/rhowardwebsterfoundation.rt5.ca\/fr\/wp-json\/wp\/v2\/types\/page"}],"author":[{"embeddable":true,"href":"http:\/\/rhowardwebsterfoundation.rt5.ca\/fr\/wp-json\/wp\/v2\/users\/1"}],"replies":[{"embeddable":true,"href":"http:\/\/rhowardwebsterfoundation.rt5.ca\/fr\/wp-json\/wp\/v2\/comments?post=4415"}],"version-history":[{"count":3,"href":"http:\/\/rhowardwebsterfoundation.rt5.ca\/fr\/wp-json\/wp\/v2\/pages\/4415\/revisions"}],"predecessor-version":[{"id":4458,"href":"http:\/\/rhowardwebsterfoundation.rt5.ca\/fr\/wp-json\/wp\/v2\/pages\/4415\/revisions\/4458"}],"wp:attachment":[{"href":"http:\/\/rhowardwebsterfoundation.rt5.ca\/fr\/wp-json\/wp\/v2\/media?parent=4415"}],"curies":[{"name":"wp","href":"https:\/\/api.w.org\/{rel}","templated":true}]}}