{"id":325,"date":"2019-01-28T15:58:37","date_gmt":"2019-01-28T20:58:37","guid":{"rendered":"http:\/\/rhowardwebsterfoundation.rt5.ca\/a-propos\/histoire\/the-foundation\/"},"modified":"2019-07-30T15:42:13","modified_gmt":"2019-07-30T19:42:13","slug":"la-fondation","status":"publish","type":"page","link":"https:\/\/rhowardwebsterfoundation.rt5.ca\/fr\/a-propos\/histoire\/la-fondation\/","title":{"rendered":"La Fondation"},"content":{"rendered":"<h2>La Fondation<\/h2>\n<p>La fondation R. Howard Webster est le fruit de la vision g\u00e9n\u00e9reuse et de l\u2019\u00e9tonnant sens des affaires de R. Howard Webster.\u00a0 Inspir\u00e9 par les actions philanthropiques de son p\u00e8re, le regrett\u00e9 honorable Lorne C. Webster, R. Howard Webster a commenc\u00e9 son \u0153uvre en 1948 en cr\u00e9ant la fondation du m\u00eame nom.<\/p>\n<p>Depuis plus de 60 ans, la fondation R. Howard Webster agit discr\u00e8tement en tant qu\u2019\u0153uvre de bienfaisance aupr\u00e8s d\u2019une vari\u00e9t\u00e9 d\u2019organismes ayant chacun son propre projet ou objectif.<\/p>\n<p>D\u2019un oc\u00e9an \u00e0 l\u2019autre et bien au-del\u00e0 du sol canadien, R. Howard Webster et sa fondation ont fait la promotion du changement et de l\u2019innovation aupr\u00e8s des jeunes, des causes sociales, de l\u2019art, de l\u2019\u00e9ducation, de la sant\u00e9, des pays en d\u00e9veloppement et de la recherche scientifique.\u00a0 La fondation a contribu\u00e9 pr\u00e8s de 170 million de dollars au cours des 40 derni\u00e8res ann\u00e9es \u00e0 la soci\u00e9t\u00e9 canadienne, distribu\u00e9s au sein de presque 1,000 organismes diff\u00e9rents.<\/p>\n<p>R. Howard Webster a d\u00e9but\u00e9 ses activit\u00e9s philanthropiques en aidant les gens et en soutenant des causes louables.\u00a0 Apr\u00e8s la mort de son fondateur, la fondation a su lui rendre hommage et perp\u00e9tuer son \u0153uvre.<\/p>\n","protected":false},"excerpt":{"rendered":"<p>La Fondation La fondation R. Howard Webster est le fruit de la vision g\u00e9n\u00e9reuse et de l\u2019\u00e9tonnant sens des affaires de R. Howard Webster.\u00a0 Inspir\u00e9 par les actions philanthropiques de son p\u00e8re, le regrett\u00e9 honorable Lorne C. Webster, R. Howard Webster a commenc\u00e9 son \u0153uvre en 1948 en cr\u00e9ant la fondation du m\u00eame nom. Depuis <a href=\"https:\/\/rhowardwebsterfoundation.rt5.ca\/fr\/a-propos\/histoire\/la-fondation\/\" class=\"more-link\">&#8230;<span class=\"screen-reader-text\">  La Fondation<\/span><\/a><\/p>\n","protected":false},"author":1,"featured_media":0,"parent":322,"menu_order":0,"comment_status":"closed","ping_status":"closed","template":"template-page-about-child.php","meta":[],"acf":[],"yoast_head":"<!-- This site is optimized with the Yoast SEO plugin v20.0 - https:\/\/yoast.com\/wordpress\/plugins\/seo\/ -->\n<title>La Fondation - Fondation R. Howard Webster<\/title>\n<meta name=\"robots\" content=\"noindex, follow, max-snippet:-1, max-image-preview:large, max-video-preview:-1\" \/>\n<meta property=\"og:locale\" content=\"fr_FR\" \/>\n<meta property=\"og:type\" content=\"article\" \/>\n<meta property=\"og:title\" content=\"La Fondation - Fondation R. Howard Webster\" \/>\n<meta property=\"og:description\" content=\"La Fondation La fondation R. Howard Webster est le fruit de la vision g\u00e9n\u00e9reuse et de l\u2019\u00e9tonnant sens des affaires de R. Howard Webster.\u00a0 Inspir\u00e9 par les actions philanthropiques de son p\u00e8re, le regrett\u00e9 honorable Lorne C. Webster, R. Howard Webster a commenc\u00e9 son \u0153uvre en 1948 en cr\u00e9ant la fondation du m\u00eame nom. Depuis ... La Fondation\" \/>\n<meta property=\"og:url\" content=\"http:\/\/rhowardwebsterfoundation.rt5.ca\/fr\/a-propos\/histoire\/la-fondation\/\" \/>\n<meta property=\"og:site_name\" content=\"Fondation R. Howard Webster\" \/>\n<meta property=\"article:modified_time\" content=\"2019-07-30T19:42:13+00:00\" \/>\n<meta property=\"og:image\" content=\"https:\/\/rhowardwebsterfoundation.rt5.ca\/wp-content\/uploads\/2019\/09\/og-image-rhw.jpg\" \/>\n\t<meta property=\"og:image:width\" content=\"1200\" \/>\n\t<meta property=\"og:image:height\" content=\"630\" \/>\n\t<meta property=\"og:image:type\" content=\"image\/jpeg\" \/>\n<meta name=\"twitter:card\" content=\"summary_large_image\" \/>\n<meta name=\"twitter:label1\" content=\"Dur\u00e9e de lecture estim\u00e9e\" \/>\n\t<meta name=\"twitter:data1\" content=\"1 minute\" \/>\n<script type=\"application\/ld+json\" class=\"yoast-schema-graph\">{\"@context\":\"https:\/\/schema.org\",\"@graph\":[{\"@type\":\"WebPage\",\"@id\":\"http:\/\/rhowardwebsterfoundation.rt5.ca\/fr\/a-propos\/histoire\/la-fondation\/\",\"url\":\"http:\/\/rhowardwebsterfoundation.rt5.ca\/fr\/a-propos\/histoire\/la-fondation\/\",\"name\":\"La Fondation - Fondation R. Howard Webster\",\"isPartOf\":{\"@id\":\"https:\/\/rhowardwebsterfoundation.rt5.ca\/#website\"},\"datePublished\":\"2019-01-28T20:58:37+00:00\",\"dateModified\":\"2019-07-30T19:42:13+00:00\",\"breadcrumb\":{\"@id\":\"http:\/\/rhowardwebsterfoundation.rt5.ca\/fr\/a-propos\/histoire\/la-fondation\/#breadcrumb\"},\"inLanguage\":\"fr-FR\",\"potentialAction\":[{\"@type\":\"ReadAction\",\"target\":[\"http:\/\/rhowardwebsterfoundation.rt5.ca\/fr\/a-propos\/histoire\/la-fondation\/\"]}]},{\"@type\":\"BreadcrumbList\",\"@id\":\"http:\/\/rhowardwebsterfoundation.rt5.ca\/fr\/a-propos\/histoire\/la-fondation\/#breadcrumb\",\"itemListElement\":[{\"@type\":\"ListItem\",\"position\":1,\"name\":\"Home\",\"item\":\"http:\/\/rhowardwebsterfoundation.rt5.ca\/fr\/\"},{\"@type\":\"ListItem\",\"position\":2,\"name\":\"\u00c0 propos\",\"item\":\"http:\/\/rhowardwebsterfoundation.rt5.ca\/fr\/a-propos\/\"},{\"@type\":\"ListItem\",\"position\":3,\"name\":\"Histoire\",\"item\":\"http:\/\/rhowardwebsterfoundation.rt5.ca\/fr\/a-propos\/histoire\/\"},{\"@type\":\"ListItem\",\"position\":4,\"name\":\"La Fondation\"}]},{\"@type\":\"WebSite\",\"@id\":\"https:\/\/rhowardwebsterfoundation.rt5.ca\/#website\",\"url\":\"https:\/\/rhowardwebsterfoundation.rt5.ca\/\",\"name\":\"Fondation R. Howard Webster\",\"description\":\"\",\"potentialAction\":[{\"@type\":\"SearchAction\",\"target\":{\"@type\":\"EntryPoint\",\"urlTemplate\":\"https:\/\/rhowardwebsterfoundation.rt5.ca\/?s={search_term_string}\"},\"query-input\":\"required name=search_term_string\"}],\"inLanguage\":\"fr-FR\"}]}<\/script>\n<!-- \/ Yoast SEO plugin. -->","yoast_head_json":{"title":"La Fondation - Fondation R. Howard Webster","robots":{"index":"noindex","follow":"follow","max-snippet":"max-snippet:-1","max-image-preview":"max-image-preview:large","max-video-preview":"max-video-preview:-1"},"og_locale":"fr_FR","og_type":"article","og_title":"La Fondation - Fondation R. Howard Webster","og_description":"La Fondation La fondation R. Howard Webster est le fruit de la vision g\u00e9n\u00e9reuse et de l\u2019\u00e9tonnant sens des affaires de R. Howard Webster.\u00a0 Inspir\u00e9 par les actions philanthropiques de son p\u00e8re, le regrett\u00e9 honorable Lorne C. Webster, R. Howard Webster a commenc\u00e9 son \u0153uvre en 1948 en cr\u00e9ant la fondation du m\u00eame nom. Depuis ... La Fondation","og_url":"http:\/\/rhowardwebsterfoundation.rt5.ca\/fr\/a-propos\/histoire\/la-fondation\/","og_site_name":"Fondation R. Howard Webster","article_modified_time":"2019-07-30T19:42:13+00:00","og_image":[{"width":1200,"height":630,"url":"https:\/\/rhowardwebsterfoundation.rt5.ca\/wp-content\/uploads\/2019\/09\/og-image-rhw.jpg","type":"image\/jpeg"}],"twitter_card":"summary_large_image","twitter_misc":{"Dur\u00e9e de lecture estim\u00e9e":"1 minute"},"schema":{"@context":"https:\/\/schema.org","@graph":[{"@type":"WebPage","@id":"http:\/\/rhowardwebsterfoundation.rt5.ca\/fr\/a-propos\/histoire\/la-fondation\/","url":"http:\/\/rhowardwebsterfoundation.rt5.ca\/fr\/a-propos\/histoire\/la-fondation\/","name":"La Fondation - Fondation R. Howard Webster","isPartOf":{"@id":"https:\/\/rhowardwebsterfoundation.rt5.ca\/#website"},"datePublished":"2019-01-28T20:58:37+00:00","dateModified":"2019-07-30T19:42:13+00:00","breadcrumb":{"@id":"http:\/\/rhowardwebsterfoundation.rt5.ca\/fr\/a-propos\/histoire\/la-fondation\/#breadcrumb"},"inLanguage":"fr-FR","potentialAction":[{"@type":"ReadAction","target":["http:\/\/rhowardwebsterfoundation.rt5.ca\/fr\/a-propos\/histoire\/la-fondation\/"]}]},{"@type":"BreadcrumbList","@id":"http:\/\/rhowardwebsterfoundation.rt5.ca\/fr\/a-propos\/histoire\/la-fondation\/#breadcrumb","itemListElement":[{"@type":"ListItem","position":1,"name":"Home","item":"http:\/\/rhowardwebsterfoundation.rt5.ca\/fr\/"},{"@type":"ListItem","position":2,"name":"\u00c0 propos","item":"http:\/\/rhowardwebsterfoundation.rt5.ca\/fr\/a-propos\/"},{"@type":"ListItem","position":3,"name":"Histoire","item":"http:\/\/rhowardwebsterfoundation.rt5.ca\/fr\/a-propos\/histoire\/"},{"@type":"ListItem","position":4,"name":"La Fondation"}]},{"@type":"WebSite","@id":"https:\/\/rhowardwebsterfoundation.rt5.ca\/#website","url":"https:\/\/rhowardwebsterfoundation.rt5.ca\/","name":"Fondation R. Howard Webster","description":"","potentialAction":[{"@type":"SearchAction","target":{"@type":"EntryPoint","urlTemplate":"https:\/\/rhowardwebsterfoundation.rt5.ca\/?s={search_term_string}"},"query-input":"required name=search_term_string"}],"inLanguage":"fr-FR"}]}},"_links":{"self":[{"href":"https:\/\/rhowardwebsterfoundation.rt5.ca\/fr\/wp-json\/wp\/v2\/pages\/325"}],"collection":[{"href":"https:\/\/rhowardwebsterfoundation.rt5.ca\/fr\/wp-json\/wp\/v2\/pages"}],"about":[{"href":"https:\/\/rhowardwebsterfoundation.rt5.ca\/fr\/wp-json\/wp\/v2\/types\/page"}],"author":[{"embeddable":true,"href":"https:\/\/rhowardwebsterfoundation.rt5.ca\/fr\/wp-json\/wp\/v2\/users\/1"}],"replies":[{"embeddable":true,"href":"https:\/\/rhowardwebsterfoundation.rt5.ca\/fr\/wp-json\/wp\/v2\/comments?post=325"}],"version-history":[{"count":9,"href":"https:\/\/rhowardwebsterfoundation.rt5.ca\/fr\/wp-json\/wp\/v2\/pages\/325\/revisions"}],"predecessor-version":[{"id":4438,"href":"https:\/\/rhowardwebsterfoundation.rt5.ca\/fr\/wp-json\/wp\/v2\/pages\/325\/revisions\/4438"}],"up":[{"embeddable":true,"href":"https:\/\/rhowardwebsterfoundation.rt5.ca\/fr\/wp-json\/wp\/v2\/pages\/322"}],"wp:attachment":[{"href":"https:\/\/rhowardwebsterfoundation.rt5.ca\/fr\/wp-json\/wp\/v2\/media?parent=325"}],"curies":[{"name":"wp","href":"https:\/\/api.w.org\/{rel}","templated":true}]}}