{"id":328,"date":"2019-01-28T15:58:02","date_gmt":"2019-01-28T20:58:02","guid":{"rendered":"http:\/\/rhowardwebsterfoundation.rt5.ca\/a-propos\/histoire\/the-founder\/"},"modified":"2019-04-14T08:51:41","modified_gmt":"2019-04-14T12:51:41","slug":"le-fondateur","status":"publish","type":"page","link":"https:\/\/rhowardwebsterfoundation.rt5.ca\/fr\/a-propos\/histoire\/le-fondateur\/","title":{"rendered":"Le Fondateur"},"content":{"rendered":"<h2>Le Fondateur<\/h2>\n<p><strong>R. Howard Webster, O.C., B.A., G.C.B. Admin., LL.D (1910 \u2013 1990)<\/strong><\/p>\n<p>N\u00e9 en 1910, R. Howard Webster \u00e9tait le troisi\u00e8me des six enfants du s\u00e9nateur Lorne C. Webster, originaire de la ville de Qu\u00e9bec, et de Muriel Taylor, de Gananoque en Ontario.\u00a0 La famille s\u2019est install\u00e9e \u00e0 Montr\u00e9al o\u00f9 Howard a fr\u00e9quent\u00e9 l\u2019Universit\u00e9 McGill avant d\u2019aller \u00e9tudier au Babson Business College \u00e0 Boston.\u00a0 Apr\u00e8s ses \u00e9tudes, il s\u2019est d\u2019abord impliqu\u00e9 dans l\u2019entreprise familiale avant de suivre sa propre voie.<\/p>\n<p>Bien que Montr\u00e9alais dans l\u2019\u00e2me, il a n\u00e9anmoins voyag\u00e9 \u00e0 travers l\u2019Am\u00e9rique du Nord en qu\u00eate d\u2019occasions d\u2019affaires.\u00a0 Notamment, il a \u00e9t\u00e9 le propri\u00e9taire du majestueux immeuble Penobscot \u00e0 D\u00e9troit puis de l\u2019h\u00f4tel Windsor \u00e0 Montr\u00e9al.\u00a0 Il a \u00e9galement remport\u00e9 la lutte pour le contr\u00f4le des actions d\u2019Eversharp Schick.\u00a0 Puis, il a surpris tout le monde lorsqu\u2019il a fait\u00a0l\u2019acquisition du Globe and Mail \u00e0 Toronto o\u00f9 il est plus tard devenu l\u2019associ\u00e9 fondateur du club de baseball des Blue Jays. M. Webster s\u2019int\u00e9ressait aussi bien aux Detroit Marine Terminals, \u00e0 la Burns Foods de Calgary qu\u2019\u00e0 Quebecair et m\u00eame \u00e0 une ferme situ\u00e9e \u00e0 l\u2019\u00cele du Prince \u00c9douard, d\u00e9di\u00e9e \u00e0 l\u2019\u00e9levage de bovins exotiques.\u00a0 Tout le monde \u00e9tait perplexe (peut-\u00eatre le patron lui-m\u00eame) le jour o\u00f9 il gagnait le monopole global du march\u00e9 de fourrures de singe!<\/p>\n<p>L\u2019important en ce qui concerne ses activit\u00e9s commerciales, c\u2019est que la majorit\u00e9 de ses profits a \u00e9t\u00e9 redonn\u00e9e \u00e0 la communaut\u00e9.\u00a0 C\u2019est ce qui faisait de Howard Webster un \u00eatre aussi exceptionnel: il \u00e9prouvait une grande satisfaction \u00e0 soutenir des causes nobles et des individus remarquables et ce, souvent de mani\u00e8re anonyme.\u00a0 Il \u00e9tait un homme plut\u00f4t timide aux go\u00fbts simples. Il n&#8217;avait pas d&#8217;enfants.\u00a0 Il voyageait en classe \u00e9conomique, ne poss\u00e9dant pas de chevaux de course et sinc\u00e8rement ravi de partager ses richesses en distribuant son argent avec autant de s\u00e9rieux qu\u2019il s\u2019\u00e9tait appliqu\u00e9 \u00e0 l\u2019obtenir.<\/p>\n<p>Ses activit\u00e9s philanthropiques ont d\u2019abord profit\u00e9 \u00e0 des institutions telles McGill et Babson qui \u00e9taient \u00e0 l\u2019origine de son succ\u00e8s.\u00a0 Puis, sa g\u00e9n\u00e9rosit\u00e9 a rayonn\u00e9 surtout \u00e0 travers le continent, en particulier au Canada, \u00e0 l\u2019image de sa carri\u00e8re professionnelle.\u00a0 Il a achet\u00e9 de l\u2019\u00e9quipement m\u00e9dical pour les h\u00f4pitaux et a assum\u00e9 le financement de bourses d\u2019\u00e9tudes.\u00a0 Il a investi autant dans le domaine de la recherche agricole que dans les Clubs Gar\u00e7ons et Filles.\u00a0 Il a appuy\u00e9 des campagnes de financement d\u2019envergure.\u00a0 Il a aussi fait de multiples contributions financi\u00e8res, quoique modestes mais significatives, \u00e0 des organismes locaux \u0153uvrant dans la rue au service des jeunes en difficult\u00e9, des sans-abri et des familles infortun\u00e9es.\u00a0 Il y avait de l\u2019argent autant pour la recherche en neurologie et le bilinguisme que pour les jeunes villageoises du Bangladesh.<\/p>\n<p>R. Howard Webster, officier de l&#8217;Ordre du Canada, homme modeste, pr\u00e9voyant, populaire et parfois solitaire.\u00a0 Il s\u2019est \u00e9teint en 1990 et a tout l\u00e9gu\u00e9 \u00e0 sa fondation.<\/p>\n","protected":false},"excerpt":{"rendered":"<p>Le Fondateur R. Howard Webster, O.C., B.A., G.C.B. Admin., LL.D (1910 \u2013 1990) N\u00e9 en 1910, R. Howard Webster \u00e9tait le troisi\u00e8me des six enfants du s\u00e9nateur Lorne C. Webster, originaire de la ville de Qu\u00e9bec, et de Muriel Taylor, de Gananoque en Ontario.\u00a0 La famille s\u2019est install\u00e9e \u00e0 Montr\u00e9al o\u00f9 Howard a fr\u00e9quent\u00e9 l\u2019Universit\u00e9 <a href=\"https:\/\/rhowardwebsterfoundation.rt5.ca\/fr\/a-propos\/histoire\/le-fondateur\/\" class=\"more-link\">&#8230;<span class=\"screen-reader-text\">  Le Fondateur<\/span><\/a><\/p>\n","protected":false},"author":1,"featured_media":0,"parent":322,"menu_order":1,"comment_status":"closed","ping_status":"closed","template":"template-page-about-child.php","meta":[],"acf":[],"yoast_head":"<!-- This site is optimized with the Yoast SEO plugin v20.0 - https:\/\/yoast.com\/wordpress\/plugins\/seo\/ -->\n<title>Le Fondateur - Fondation R. Howard Webster<\/title>\n<meta name=\"robots\" content=\"noindex, follow, max-snippet:-1, max-image-preview:large, max-video-preview:-1\" \/>\n<meta property=\"og:locale\" content=\"fr_FR\" \/>\n<meta property=\"og:type\" content=\"article\" \/>\n<meta property=\"og:title\" content=\"Le Fondateur - Fondation R. Howard Webster\" \/>\n<meta property=\"og:description\" content=\"Le Fondateur R. Howard Webster, O.C., B.A., G.C.B. Admin., LL.D (1910 \u2013 1990) N\u00e9 en 1910, R. Howard Webster \u00e9tait le troisi\u00e8me des six enfants du s\u00e9nateur Lorne C. Webster, originaire de la ville de Qu\u00e9bec, et de Muriel Taylor, de Gananoque en Ontario.\u00a0 La famille s\u2019est install\u00e9e \u00e0 Montr\u00e9al o\u00f9 Howard a fr\u00e9quent\u00e9 l\u2019Universit\u00e9 ... Le Fondateur\" \/>\n<meta property=\"og:url\" content=\"https:\/\/rhowardwebsterfoundation.rt5.ca\/fr\/a-propos\/histoire\/le-fondateur\/\" \/>\n<meta property=\"og:site_name\" content=\"Fondation R. Howard Webster\" \/>\n<meta property=\"article:modified_time\" content=\"2019-04-14T12:51:41+00:00\" \/>\n<meta property=\"og:image\" content=\"https:\/\/rhowardwebsterfoundation.rt5.ca\/wp-content\/uploads\/2019\/09\/og-image-rhw.jpg\" \/>\n\t<meta property=\"og:image:width\" content=\"1200\" \/>\n\t<meta property=\"og:image:height\" content=\"630\" \/>\n\t<meta property=\"og:image:type\" content=\"image\/jpeg\" \/>\n<meta name=\"twitter:card\" content=\"summary_large_image\" \/>\n<meta name=\"twitter:label1\" content=\"Dur\u00e9e de lecture estim\u00e9e\" \/>\n\t<meta name=\"twitter:data1\" content=\"3 minutes\" \/>\n<script type=\"application\/ld+json\" class=\"yoast-schema-graph\">{\"@context\":\"https:\/\/schema.org\",\"@graph\":[{\"@type\":\"WebPage\",\"@id\":\"https:\/\/rhowardwebsterfoundation.rt5.ca\/fr\/a-propos\/histoire\/le-fondateur\/\",\"url\":\"https:\/\/rhowardwebsterfoundation.rt5.ca\/fr\/a-propos\/histoire\/le-fondateur\/\",\"name\":\"Le Fondateur - Fondation R. Howard Webster\",\"isPartOf\":{\"@id\":\"https:\/\/rhowardwebsterfoundation.rt5.ca\/#website\"},\"datePublished\":\"2019-01-28T20:58:02+00:00\",\"dateModified\":\"2019-04-14T12:51:41+00:00\",\"breadcrumb\":{\"@id\":\"https:\/\/rhowardwebsterfoundation.rt5.ca\/fr\/a-propos\/histoire\/le-fondateur\/#breadcrumb\"},\"inLanguage\":\"fr-FR\",\"potentialAction\":[{\"@type\":\"ReadAction\",\"target\":[\"https:\/\/rhowardwebsterfoundation.rt5.ca\/fr\/a-propos\/histoire\/le-fondateur\/\"]}]},{\"@type\":\"BreadcrumbList\",\"@id\":\"https:\/\/rhowardwebsterfoundation.rt5.ca\/fr\/a-propos\/histoire\/le-fondateur\/#breadcrumb\",\"itemListElement\":[{\"@type\":\"ListItem\",\"position\":1,\"name\":\"Home\",\"item\":\"http:\/\/rhowardwebsterfoundation.rt5.ca\/fr\/\"},{\"@type\":\"ListItem\",\"position\":2,\"name\":\"\u00c0 propos\",\"item\":\"http:\/\/rhowardwebsterfoundation.rt5.ca\/fr\/a-propos\/\"},{\"@type\":\"ListItem\",\"position\":3,\"name\":\"Histoire\",\"item\":\"http:\/\/rhowardwebsterfoundation.rt5.ca\/fr\/a-propos\/histoire\/\"},{\"@type\":\"ListItem\",\"position\":4,\"name\":\"Le Fondateur\"}]},{\"@type\":\"WebSite\",\"@id\":\"https:\/\/rhowardwebsterfoundation.rt5.ca\/#website\",\"url\":\"https:\/\/rhowardwebsterfoundation.rt5.ca\/\",\"name\":\"Fondation R. Howard Webster\",\"description\":\"\",\"potentialAction\":[{\"@type\":\"SearchAction\",\"target\":{\"@type\":\"EntryPoint\",\"urlTemplate\":\"https:\/\/rhowardwebsterfoundation.rt5.ca\/?s={search_term_string}\"},\"query-input\":\"required name=search_term_string\"}],\"inLanguage\":\"fr-FR\"}]}<\/script>\n<!-- \/ Yoast SEO plugin. -->","yoast_head_json":{"title":"Le Fondateur - Fondation R. Howard Webster","robots":{"index":"noindex","follow":"follow","max-snippet":"max-snippet:-1","max-image-preview":"max-image-preview:large","max-video-preview":"max-video-preview:-1"},"og_locale":"fr_FR","og_type":"article","og_title":"Le Fondateur - Fondation R. Howard Webster","og_description":"Le Fondateur R. Howard Webster, O.C., B.A., G.C.B. Admin., LL.D (1910 \u2013 1990) N\u00e9 en 1910, R. Howard Webster \u00e9tait le troisi\u00e8me des six enfants du s\u00e9nateur Lorne C. Webster, originaire de la ville de Qu\u00e9bec, et de Muriel Taylor, de Gananoque en Ontario.\u00a0 La famille s\u2019est install\u00e9e \u00e0 Montr\u00e9al o\u00f9 Howard a fr\u00e9quent\u00e9 l\u2019Universit\u00e9 ... Le Fondateur","og_url":"https:\/\/rhowardwebsterfoundation.rt5.ca\/fr\/a-propos\/histoire\/le-fondateur\/","og_site_name":"Fondation R. Howard Webster","article_modified_time":"2019-04-14T12:51:41+00:00","og_image":[{"width":1200,"height":630,"url":"https:\/\/rhowardwebsterfoundation.rt5.ca\/wp-content\/uploads\/2019\/09\/og-image-rhw.jpg","type":"image\/jpeg"}],"twitter_card":"summary_large_image","twitter_misc":{"Dur\u00e9e de lecture estim\u00e9e":"3 minutes"},"schema":{"@context":"https:\/\/schema.org","@graph":[{"@type":"WebPage","@id":"https:\/\/rhowardwebsterfoundation.rt5.ca\/fr\/a-propos\/histoire\/le-fondateur\/","url":"https:\/\/rhowardwebsterfoundation.rt5.ca\/fr\/a-propos\/histoire\/le-fondateur\/","name":"Le Fondateur - Fondation R. Howard Webster","isPartOf":{"@id":"https:\/\/rhowardwebsterfoundation.rt5.ca\/#website"},"datePublished":"2019-01-28T20:58:02+00:00","dateModified":"2019-04-14T12:51:41+00:00","breadcrumb":{"@id":"https:\/\/rhowardwebsterfoundation.rt5.ca\/fr\/a-propos\/histoire\/le-fondateur\/#breadcrumb"},"inLanguage":"fr-FR","potentialAction":[{"@type":"ReadAction","target":["https:\/\/rhowardwebsterfoundation.rt5.ca\/fr\/a-propos\/histoire\/le-fondateur\/"]}]},{"@type":"BreadcrumbList","@id":"https:\/\/rhowardwebsterfoundation.rt5.ca\/fr\/a-propos\/histoire\/le-fondateur\/#breadcrumb","itemListElement":[{"@type":"ListItem","position":1,"name":"Home","item":"http:\/\/rhowardwebsterfoundation.rt5.ca\/fr\/"},{"@type":"ListItem","position":2,"name":"\u00c0 propos","item":"http:\/\/rhowardwebsterfoundation.rt5.ca\/fr\/a-propos\/"},{"@type":"ListItem","position":3,"name":"Histoire","item":"http:\/\/rhowardwebsterfoundation.rt5.ca\/fr\/a-propos\/histoire\/"},{"@type":"ListItem","position":4,"name":"Le Fondateur"}]},{"@type":"WebSite","@id":"https:\/\/rhowardwebsterfoundation.rt5.ca\/#website","url":"https:\/\/rhowardwebsterfoundation.rt5.ca\/","name":"Fondation R. Howard Webster","description":"","potentialAction":[{"@type":"SearchAction","target":{"@type":"EntryPoint","urlTemplate":"https:\/\/rhowardwebsterfoundation.rt5.ca\/?s={search_term_string}"},"query-input":"required name=search_term_string"}],"inLanguage":"fr-FR"}]}},"_links":{"self":[{"href":"https:\/\/rhowardwebsterfoundation.rt5.ca\/fr\/wp-json\/wp\/v2\/pages\/328"}],"collection":[{"href":"https:\/\/rhowardwebsterfoundation.rt5.ca\/fr\/wp-json\/wp\/v2\/pages"}],"about":[{"href":"https:\/\/rhowardwebsterfoundation.rt5.ca\/fr\/wp-json\/wp\/v2\/types\/page"}],"author":[{"embeddable":true,"href":"https:\/\/rhowardwebsterfoundation.rt5.ca\/fr\/wp-json\/wp\/v2\/users\/1"}],"replies":[{"embeddable":true,"href":"https:\/\/rhowardwebsterfoundation.rt5.ca\/fr\/wp-json\/wp\/v2\/comments?post=328"}],"version-history":[{"count":6,"href":"https:\/\/rhowardwebsterfoundation.rt5.ca\/fr\/wp-json\/wp\/v2\/pages\/328\/revisions"}],"predecessor-version":[{"id":4272,"href":"https:\/\/rhowardwebsterfoundation.rt5.ca\/fr\/wp-json\/wp\/v2\/pages\/328\/revisions\/4272"}],"up":[{"embeddable":true,"href":"https:\/\/rhowardwebsterfoundation.rt5.ca\/fr\/wp-json\/wp\/v2\/pages\/322"}],"wp:attachment":[{"href":"https:\/\/rhowardwebsterfoundation.rt5.ca\/fr\/wp-json\/wp\/v2\/media?parent=328"}],"curies":[{"name":"wp","href":"https:\/\/api.w.org\/{rel}","templated":true}]}}