{"id":331,"date":"2019-01-25T15:37:15","date_gmt":"2019-01-25T20:37:15","guid":{"rendered":"http:\/\/rhowardwebsterfoundation.rt5.ca\/a-propos\/mission-funding-areas\/"},"modified":"2019-05-14T08:53:25","modified_gmt":"2019-05-14T12:53:25","slug":"mission-et-domaines-de-financement","status":"publish","type":"page","link":"https:\/\/rhowardwebsterfoundation.rt5.ca\/fr\/a-propos\/mission-et-domaines-de-financement\/","title":{"rendered":"Mission et domaines de financement"},"content":{"rendered":"<h2>Notre mission<\/h2>\n<p>La\u00a0fondation R. Howard Webster subventionne des organismes de charit\u00e9 canadiens qui se distinguent en offrant des programmes et des projets \u00e0 la fois uniques et inspirants pour l\u2019am\u00e9lioration, le d\u00e9veloppement et le bien-\u00eatre de la soci\u00e9t\u00e9 canadienne.<\/p>\n<h2>Domaines de financement<\/h2>\n<p>Les domaines de financement de pr\u00e9dilection de la fondation R. Howard Webster sont les arts et la culture, l\u2019\u00e9ducation, l\u2019environnement ainsi que les services m\u00e9dicaux et sociaux.<\/p>\n<h2>Restrictions de financement<\/h2>\n<p>La fondation R. Howard Webster fait des dons uniquement \u00e0 des\u00a0<a href=\"http:\/\/www.cra-arc.gc.ca\/chrts-gvng\/chrts\/plcy\/cgd\/qlfddns-fra.html\" target=\"_blank\" rel=\"noopener\">donataires reconnus<\/a>\u00a0conform\u00e9ment \u00e0 la Loi de l&#8217;imp\u00f4t sur le revenu.<\/p>\n<p>La fondation ne fournit pas de financement aux individus et dans les domaines\u00a0suivants: fonds de construction, conf\u00e9rences et s\u00e9minaires, activit\u00e9s de financement,\u00a0financement du d\u00e9ficit et fonds d\u2019urgence.<\/p>\n<h2>Affiliations<\/h2>\n<p>La Fondation R. Howard Webster est fi\u00e8re d\u2019\u00eatre fondatrice et membre de\u00a0<a href=\"https:\/\/pfc.ca\/fr\/\" target=\"_blank\" rel=\"noopener\">Fondations philanthropiques Canada<\/a>, une association de membres canadiens subventionneurs guid\u00e9s par des valeurs et des principes \u00e9thiques communs et tourn\u00e9s vers le bien public.<\/p>\n<p><strong><a href=\"https:\/\/pfc.ca\/fr\/\" target=\"_blank\" rel=\"noopener\"><img decoding=\"async\" style=\"display: block; margin-left: auto; margin-right: auto;\" src=\"http:\/\/rhowardwebsterfoundation.rt5.ca\/wp-content\/uploads\/2019\/03\/46140-004-4-french-full-co.jpg\" alt=\"\" width=\"200\" \/><\/a><\/strong><\/p>\n<p><strong>\u00a0<\/strong><\/p>\n","protected":false},"excerpt":{"rendered":"<p>Notre mission La\u00a0fondation R. Howard Webster subventionne des organismes de charit\u00e9 canadiens qui se distinguent en offrant des programmes et des projets \u00e0 la fois uniques et inspirants pour l\u2019am\u00e9lioration, le d\u00e9veloppement et le bien-\u00eatre de la soci\u00e9t\u00e9 canadienne. Domaines de financement Les domaines de financement de pr\u00e9dilection de la fondation R. Howard Webster sont <a href=\"https:\/\/rhowardwebsterfoundation.rt5.ca\/fr\/a-propos\/mission-et-domaines-de-financement\/\" class=\"more-link\">&#8230;<span class=\"screen-reader-text\">  Mission et domaines de financement<\/span><\/a><\/p>\n","protected":false},"author":1,"featured_media":0,"parent":315,"menu_order":0,"comment_status":"closed","ping_status":"closed","template":"template-page-about-child.php","meta":[],"acf":[],"yoast_head":"<!-- This site is optimized with the Yoast SEO plugin v20.0 - https:\/\/yoast.com\/wordpress\/plugins\/seo\/ -->\n<title>Mission et domaines de financement - Fondation R. Howard Webster<\/title>\n<meta name=\"robots\" content=\"noindex, follow, max-snippet:-1, max-image-preview:large, max-video-preview:-1\" \/>\n<meta property=\"og:locale\" content=\"fr_FR\" \/>\n<meta property=\"og:type\" content=\"article\" \/>\n<meta property=\"og:title\" content=\"Mission et domaines de financement - Fondation R. Howard Webster\" \/>\n<meta property=\"og:description\" content=\"Notre mission La\u00a0fondation R. Howard Webster subventionne des organismes de charit\u00e9 canadiens qui se distinguent en offrant des programmes et des projets \u00e0 la fois uniques et inspirants pour l\u2019am\u00e9lioration, le d\u00e9veloppement et le bien-\u00eatre de la soci\u00e9t\u00e9 canadienne. Domaines de financement Les domaines de financement de pr\u00e9dilection de la fondation R. Howard Webster sont ... Mission et domaines de financement\" \/>\n<meta property=\"og:url\" content=\"http:\/\/rhowardwebsterfoundation.rt5.ca\/fr\/a-propos\/mission-et-domaines-de-financement\/\" \/>\n<meta property=\"og:site_name\" content=\"Fondation R. Howard Webster\" \/>\n<meta property=\"article:modified_time\" content=\"2019-05-14T12:53:25+00:00\" \/>\n<meta property=\"og:image\" content=\"http:\/\/rhowardwebsterfoundation.rt5.ca\/wp-content\/uploads\/2019\/03\/46140-004-4-french-full-co.jpg\" \/>\n<meta name=\"twitter:card\" content=\"summary_large_image\" \/>\n<meta name=\"twitter:label1\" content=\"Dur\u00e9e de lecture estim\u00e9e\" \/>\n\t<meta name=\"twitter:data1\" content=\"1 minute\" \/>\n<script type=\"application\/ld+json\" class=\"yoast-schema-graph\">{\"@context\":\"https:\/\/schema.org\",\"@graph\":[{\"@type\":\"WebPage\",\"@id\":\"http:\/\/rhowardwebsterfoundation.rt5.ca\/fr\/a-propos\/mission-et-domaines-de-financement\/\",\"url\":\"http:\/\/rhowardwebsterfoundation.rt5.ca\/fr\/a-propos\/mission-et-domaines-de-financement\/\",\"name\":\"Mission et domaines de financement - Fondation R. Howard Webster\",\"isPartOf\":{\"@id\":\"https:\/\/rhowardwebsterfoundation.rt5.ca\/#website\"},\"datePublished\":\"2019-01-25T20:37:15+00:00\",\"dateModified\":\"2019-05-14T12:53:25+00:00\",\"breadcrumb\":{\"@id\":\"http:\/\/rhowardwebsterfoundation.rt5.ca\/fr\/a-propos\/mission-et-domaines-de-financement\/#breadcrumb\"},\"inLanguage\":\"fr-FR\",\"potentialAction\":[{\"@type\":\"ReadAction\",\"target\":[\"http:\/\/rhowardwebsterfoundation.rt5.ca\/fr\/a-propos\/mission-et-domaines-de-financement\/\"]}]},{\"@type\":\"BreadcrumbList\",\"@id\":\"http:\/\/rhowardwebsterfoundation.rt5.ca\/fr\/a-propos\/mission-et-domaines-de-financement\/#breadcrumb\",\"itemListElement\":[{\"@type\":\"ListItem\",\"position\":1,\"name\":\"Home\",\"item\":\"http:\/\/rhowardwebsterfoundation.rt5.ca\/fr\/\"},{\"@type\":\"ListItem\",\"position\":2,\"name\":\"\u00c0 propos\",\"item\":\"http:\/\/rhowardwebsterfoundation.rt5.ca\/fr\/a-propos\/\"},{\"@type\":\"ListItem\",\"position\":3,\"name\":\"Mission et domaines de financement\"}]},{\"@type\":\"WebSite\",\"@id\":\"https:\/\/rhowardwebsterfoundation.rt5.ca\/#website\",\"url\":\"https:\/\/rhowardwebsterfoundation.rt5.ca\/\",\"name\":\"Fondation R. Howard Webster\",\"description\":\"\",\"potentialAction\":[{\"@type\":\"SearchAction\",\"target\":{\"@type\":\"EntryPoint\",\"urlTemplate\":\"https:\/\/rhowardwebsterfoundation.rt5.ca\/?s={search_term_string}\"},\"query-input\":\"required name=search_term_string\"}],\"inLanguage\":\"fr-FR\"}]}<\/script>\n<!-- \/ Yoast SEO plugin. -->","yoast_head_json":{"title":"Mission et domaines de financement - Fondation R. Howard Webster","robots":{"index":"noindex","follow":"follow","max-snippet":"max-snippet:-1","max-image-preview":"max-image-preview:large","max-video-preview":"max-video-preview:-1"},"og_locale":"fr_FR","og_type":"article","og_title":"Mission et domaines de financement - Fondation R. Howard Webster","og_description":"Notre mission La\u00a0fondation R. Howard Webster subventionne des organismes de charit\u00e9 canadiens qui se distinguent en offrant des programmes et des projets \u00e0 la fois uniques et inspirants pour l\u2019am\u00e9lioration, le d\u00e9veloppement et le bien-\u00eatre de la soci\u00e9t\u00e9 canadienne. Domaines de financement Les domaines de financement de pr\u00e9dilection de la fondation R. Howard Webster sont ... Mission et domaines de financement","og_url":"http:\/\/rhowardwebsterfoundation.rt5.ca\/fr\/a-propos\/mission-et-domaines-de-financement\/","og_site_name":"Fondation R. Howard Webster","article_modified_time":"2019-05-14T12:53:25+00:00","og_image":[{"url":"http:\/\/rhowardwebsterfoundation.rt5.ca\/wp-content\/uploads\/2019\/03\/46140-004-4-french-full-co.jpg"}],"twitter_card":"summary_large_image","twitter_misc":{"Dur\u00e9e de lecture estim\u00e9e":"1 minute"},"schema":{"@context":"https:\/\/schema.org","@graph":[{"@type":"WebPage","@id":"http:\/\/rhowardwebsterfoundation.rt5.ca\/fr\/a-propos\/mission-et-domaines-de-financement\/","url":"http:\/\/rhowardwebsterfoundation.rt5.ca\/fr\/a-propos\/mission-et-domaines-de-financement\/","name":"Mission et domaines de financement - Fondation R. Howard Webster","isPartOf":{"@id":"https:\/\/rhowardwebsterfoundation.rt5.ca\/#website"},"datePublished":"2019-01-25T20:37:15+00:00","dateModified":"2019-05-14T12:53:25+00:00","breadcrumb":{"@id":"http:\/\/rhowardwebsterfoundation.rt5.ca\/fr\/a-propos\/mission-et-domaines-de-financement\/#breadcrumb"},"inLanguage":"fr-FR","potentialAction":[{"@type":"ReadAction","target":["http:\/\/rhowardwebsterfoundation.rt5.ca\/fr\/a-propos\/mission-et-domaines-de-financement\/"]}]},{"@type":"BreadcrumbList","@id":"http:\/\/rhowardwebsterfoundation.rt5.ca\/fr\/a-propos\/mission-et-domaines-de-financement\/#breadcrumb","itemListElement":[{"@type":"ListItem","position":1,"name":"Home","item":"http:\/\/rhowardwebsterfoundation.rt5.ca\/fr\/"},{"@type":"ListItem","position":2,"name":"\u00c0 propos","item":"http:\/\/rhowardwebsterfoundation.rt5.ca\/fr\/a-propos\/"},{"@type":"ListItem","position":3,"name":"Mission et domaines de financement"}]},{"@type":"WebSite","@id":"https:\/\/rhowardwebsterfoundation.rt5.ca\/#website","url":"https:\/\/rhowardwebsterfoundation.rt5.ca\/","name":"Fondation R. Howard Webster","description":"","potentialAction":[{"@type":"SearchAction","target":{"@type":"EntryPoint","urlTemplate":"https:\/\/rhowardwebsterfoundation.rt5.ca\/?s={search_term_string}"},"query-input":"required name=search_term_string"}],"inLanguage":"fr-FR"}]}},"_links":{"self":[{"href":"https:\/\/rhowardwebsterfoundation.rt5.ca\/fr\/wp-json\/wp\/v2\/pages\/331"}],"collection":[{"href":"https:\/\/rhowardwebsterfoundation.rt5.ca\/fr\/wp-json\/wp\/v2\/pages"}],"about":[{"href":"https:\/\/rhowardwebsterfoundation.rt5.ca\/fr\/wp-json\/wp\/v2\/types\/page"}],"author":[{"embeddable":true,"href":"https:\/\/rhowardwebsterfoundation.rt5.ca\/fr\/wp-json\/wp\/v2\/users\/1"}],"replies":[{"embeddable":true,"href":"https:\/\/rhowardwebsterfoundation.rt5.ca\/fr\/wp-json\/wp\/v2\/comments?post=331"}],"version-history":[{"count":11,"href":"https:\/\/rhowardwebsterfoundation.rt5.ca\/fr\/wp-json\/wp\/v2\/pages\/331\/revisions"}],"predecessor-version":[{"id":4346,"href":"https:\/\/rhowardwebsterfoundation.rt5.ca\/fr\/wp-json\/wp\/v2\/pages\/331\/revisions\/4346"}],"up":[{"embeddable":true,"href":"https:\/\/rhowardwebsterfoundation.rt5.ca\/fr\/wp-json\/wp\/v2\/pages\/315"}],"wp:attachment":[{"href":"https:\/\/rhowardwebsterfoundation.rt5.ca\/fr\/wp-json\/wp\/v2\/media?parent=331"}],"curies":[{"name":"wp","href":"https:\/\/api.w.org\/{rel}","templated":true}]}}