{"id":352,"date":"2019-01-25T15:41:28","date_gmt":"2019-01-25T20:41:28","guid":{"rendered":"http:\/\/rhowardwebsterfoundation.rt5.ca\/repaires-jeunesse-du-canada\/history\/"},"modified":"2019-03-21T06:59:13","modified_gmt":"2019-03-21T10:59:13","slug":"histoire","status":"publish","type":"page","link":"https:\/\/rhowardwebsterfoundation.rt5.ca\/fr\/repaires-jeunesse-du-canada\/histoire\/","title":{"rendered":"Histoire"},"content":{"rendered":"<h2>Histoire<\/h2>\n<p>R. Howard Webster, sa philanthropie, et Repaires jeunesse du Canada ont une longue histoire commune qui date de plus de 70 ans. M. Webster avait \u00e9t\u00e9 un fondateur anonyme et modeste de clubs \u00e0 Montr\u00e9al et dans les alentours pendant de nombreuses ann\u00e9es, mais en 1957 il d\u00e9cida de passer outre \u00e0 cette tradition en faisant un important don en vue de la cr\u00e9ation du Club gar\u00e7ons et filles de Dovercourt, sur l\u2019avenue Westmoreland, \u00e0 Toronto, en Ontario. Reconnaissant l\u2019importance de ce club pour les jeunes et la collectivit\u00e9 qu\u2019il desservait, M. Webster continua d\u2019aider Repaires jeunesse du Canada tant au niveau national que local. Son aide s\u2019est fait sentir partout, entre autres dans le cadre des premiers programmes de petits d\u00e9jeuners au pays, dans les programmes de sensibilisation \u00e0 la drogue et dans les programmes parascolaires. Il a aussi encourag\u00e9 sa famille \u00e9largie \u00e0 participer, lorsque possible, \u00e0 titre de b\u00e9n\u00e9voles et de donateurs. Aujourd\u2019hui, l\u2019h\u00e9ritage qu\u2019il a laiss\u00e9 au Canada par l\u2019entremise de la fondation R. Howard Webster, continue d\u2019appuyer des programmes et projets novateurs et progressifs con\u00e7us dans le but d\u2019aider la jeunesse canadienne.<\/p>\n","protected":false},"excerpt":{"rendered":"<p>Histoire R. Howard Webster, sa philanthropie, et Repaires jeunesse du Canada ont une longue histoire commune qui date de plus de 70 ans. M. Webster avait \u00e9t\u00e9 un fondateur anonyme et modeste de clubs \u00e0 Montr\u00e9al et dans les alentours pendant de nombreuses ann\u00e9es, mais en 1957 il d\u00e9cida de passer outre \u00e0 cette tradition <a href=\"https:\/\/rhowardwebsterfoundation.rt5.ca\/fr\/repaires-jeunesse-du-canada\/histoire\/\" class=\"more-link\">&#8230;<span class=\"screen-reader-text\">  Histoire<\/span><\/a><\/p>\n","protected":false},"author":1,"featured_media":0,"parent":340,"menu_order":1,"comment_status":"closed","ping_status":"closed","template":"template-page-bgcc-child.php","meta":[],"acf":[],"yoast_head":"<!-- This site is optimized with the Yoast SEO plugin v20.0 - https:\/\/yoast.com\/wordpress\/plugins\/seo\/ -->\n<title>Histoire - Fondation R. Howard Webster<\/title>\n<meta name=\"robots\" content=\"noindex, follow, max-snippet:-1, max-image-preview:large, max-video-preview:-1\" \/>\n<meta property=\"og:locale\" content=\"fr_FR\" \/>\n<meta property=\"og:type\" content=\"article\" \/>\n<meta property=\"og:title\" content=\"Histoire - Fondation R. Howard Webster\" \/>\n<meta property=\"og:description\" content=\"Histoire R. Howard Webster, sa philanthropie, et Repaires jeunesse du Canada ont une longue histoire commune qui date de plus de 70 ans. M. Webster avait \u00e9t\u00e9 un fondateur anonyme et modeste de clubs \u00e0 Montr\u00e9al et dans les alentours pendant de nombreuses ann\u00e9es, mais en 1957 il d\u00e9cida de passer outre \u00e0 cette tradition ... Histoire\" \/>\n<meta property=\"og:url\" content=\"https:\/\/rhowardwebsterfoundation.rt5.ca\/fr\/repaires-jeunesse-du-canada\/histoire\/\" \/>\n<meta property=\"og:site_name\" content=\"Fondation R. Howard Webster\" \/>\n<meta property=\"article:modified_time\" content=\"2019-03-21T10:59:13+00:00\" \/>\n<meta property=\"og:image\" content=\"https:\/\/rhowardwebsterfoundation.rt5.ca\/wp-content\/uploads\/2019\/09\/og-image-rhw.jpg\" \/>\n\t<meta property=\"og:image:width\" content=\"1200\" \/>\n\t<meta property=\"og:image:height\" content=\"630\" \/>\n\t<meta property=\"og:image:type\" content=\"image\/jpeg\" \/>\n<meta name=\"twitter:card\" content=\"summary_large_image\" \/>\n<meta name=\"twitter:label1\" content=\"Dur\u00e9e de lecture estim\u00e9e\" \/>\n\t<meta name=\"twitter:data1\" content=\"1 minute\" \/>\n<script type=\"application\/ld+json\" class=\"yoast-schema-graph\">{\"@context\":\"https:\/\/schema.org\",\"@graph\":[{\"@type\":\"WebPage\",\"@id\":\"https:\/\/rhowardwebsterfoundation.rt5.ca\/fr\/repaires-jeunesse-du-canada\/histoire\/\",\"url\":\"https:\/\/rhowardwebsterfoundation.rt5.ca\/fr\/repaires-jeunesse-du-canada\/histoire\/\",\"name\":\"Histoire - Fondation R. Howard Webster\",\"isPartOf\":{\"@id\":\"https:\/\/rhowardwebsterfoundation.rt5.ca\/#website\"},\"datePublished\":\"2019-01-25T20:41:28+00:00\",\"dateModified\":\"2019-03-21T10:59:13+00:00\",\"breadcrumb\":{\"@id\":\"https:\/\/rhowardwebsterfoundation.rt5.ca\/fr\/repaires-jeunesse-du-canada\/histoire\/#breadcrumb\"},\"inLanguage\":\"fr-FR\",\"potentialAction\":[{\"@type\":\"ReadAction\",\"target\":[\"https:\/\/rhowardwebsterfoundation.rt5.ca\/fr\/repaires-jeunesse-du-canada\/histoire\/\"]}]},{\"@type\":\"BreadcrumbList\",\"@id\":\"https:\/\/rhowardwebsterfoundation.rt5.ca\/fr\/repaires-jeunesse-du-canada\/histoire\/#breadcrumb\",\"itemListElement\":[{\"@type\":\"ListItem\",\"position\":1,\"name\":\"Home\",\"item\":\"http:\/\/rhowardwebsterfoundation.rt5.ca\/fr\/\"},{\"@type\":\"ListItem\",\"position\":2,\"name\":\"Repaires Jeunesse du Canada\",\"item\":\"http:\/\/rhowardwebsterfoundation.rt5.ca\/fr\/repaires-jeunesse-du-canada\/\"},{\"@type\":\"ListItem\",\"position\":3,\"name\":\"Histoire\"}]},{\"@type\":\"WebSite\",\"@id\":\"https:\/\/rhowardwebsterfoundation.rt5.ca\/#website\",\"url\":\"https:\/\/rhowardwebsterfoundation.rt5.ca\/\",\"name\":\"Fondation R. Howard Webster\",\"description\":\"\",\"potentialAction\":[{\"@type\":\"SearchAction\",\"target\":{\"@type\":\"EntryPoint\",\"urlTemplate\":\"https:\/\/rhowardwebsterfoundation.rt5.ca\/?s={search_term_string}\"},\"query-input\":\"required name=search_term_string\"}],\"inLanguage\":\"fr-FR\"}]}<\/script>\n<!-- \/ Yoast SEO plugin. -->","yoast_head_json":{"title":"Histoire - Fondation R. Howard Webster","robots":{"index":"noindex","follow":"follow","max-snippet":"max-snippet:-1","max-image-preview":"max-image-preview:large","max-video-preview":"max-video-preview:-1"},"og_locale":"fr_FR","og_type":"article","og_title":"Histoire - Fondation R. Howard Webster","og_description":"Histoire R. Howard Webster, sa philanthropie, et Repaires jeunesse du Canada ont une longue histoire commune qui date de plus de 70 ans. M. Webster avait \u00e9t\u00e9 un fondateur anonyme et modeste de clubs \u00e0 Montr\u00e9al et dans les alentours pendant de nombreuses ann\u00e9es, mais en 1957 il d\u00e9cida de passer outre \u00e0 cette tradition ... Histoire","og_url":"https:\/\/rhowardwebsterfoundation.rt5.ca\/fr\/repaires-jeunesse-du-canada\/histoire\/","og_site_name":"Fondation R. Howard Webster","article_modified_time":"2019-03-21T10:59:13+00:00","og_image":[{"width":1200,"height":630,"url":"https:\/\/rhowardwebsterfoundation.rt5.ca\/wp-content\/uploads\/2019\/09\/og-image-rhw.jpg","type":"image\/jpeg"}],"twitter_card":"summary_large_image","twitter_misc":{"Dur\u00e9e de lecture estim\u00e9e":"1 minute"},"schema":{"@context":"https:\/\/schema.org","@graph":[{"@type":"WebPage","@id":"https:\/\/rhowardwebsterfoundation.rt5.ca\/fr\/repaires-jeunesse-du-canada\/histoire\/","url":"https:\/\/rhowardwebsterfoundation.rt5.ca\/fr\/repaires-jeunesse-du-canada\/histoire\/","name":"Histoire - Fondation R. Howard Webster","isPartOf":{"@id":"https:\/\/rhowardwebsterfoundation.rt5.ca\/#website"},"datePublished":"2019-01-25T20:41:28+00:00","dateModified":"2019-03-21T10:59:13+00:00","breadcrumb":{"@id":"https:\/\/rhowardwebsterfoundation.rt5.ca\/fr\/repaires-jeunesse-du-canada\/histoire\/#breadcrumb"},"inLanguage":"fr-FR","potentialAction":[{"@type":"ReadAction","target":["https:\/\/rhowardwebsterfoundation.rt5.ca\/fr\/repaires-jeunesse-du-canada\/histoire\/"]}]},{"@type":"BreadcrumbList","@id":"https:\/\/rhowardwebsterfoundation.rt5.ca\/fr\/repaires-jeunesse-du-canada\/histoire\/#breadcrumb","itemListElement":[{"@type":"ListItem","position":1,"name":"Home","item":"http:\/\/rhowardwebsterfoundation.rt5.ca\/fr\/"},{"@type":"ListItem","position":2,"name":"Repaires Jeunesse du Canada","item":"http:\/\/rhowardwebsterfoundation.rt5.ca\/fr\/repaires-jeunesse-du-canada\/"},{"@type":"ListItem","position":3,"name":"Histoire"}]},{"@type":"WebSite","@id":"https:\/\/rhowardwebsterfoundation.rt5.ca\/#website","url":"https:\/\/rhowardwebsterfoundation.rt5.ca\/","name":"Fondation R. Howard Webster","description":"","potentialAction":[{"@type":"SearchAction","target":{"@type":"EntryPoint","urlTemplate":"https:\/\/rhowardwebsterfoundation.rt5.ca\/?s={search_term_string}"},"query-input":"required name=search_term_string"}],"inLanguage":"fr-FR"}]}},"_links":{"self":[{"href":"https:\/\/rhowardwebsterfoundation.rt5.ca\/fr\/wp-json\/wp\/v2\/pages\/352"}],"collection":[{"href":"https:\/\/rhowardwebsterfoundation.rt5.ca\/fr\/wp-json\/wp\/v2\/pages"}],"about":[{"href":"https:\/\/rhowardwebsterfoundation.rt5.ca\/fr\/wp-json\/wp\/v2\/types\/page"}],"author":[{"embeddable":true,"href":"https:\/\/rhowardwebsterfoundation.rt5.ca\/fr\/wp-json\/wp\/v2\/users\/1"}],"replies":[{"embeddable":true,"href":"https:\/\/rhowardwebsterfoundation.rt5.ca\/fr\/wp-json\/wp\/v2\/comments?post=352"}],"version-history":[{"count":4,"href":"https:\/\/rhowardwebsterfoundation.rt5.ca\/fr\/wp-json\/wp\/v2\/pages\/352\/revisions"}],"predecessor-version":[{"id":901,"href":"https:\/\/rhowardwebsterfoundation.rt5.ca\/fr\/wp-json\/wp\/v2\/pages\/352\/revisions\/901"}],"up":[{"embeddable":true,"href":"https:\/\/rhowardwebsterfoundation.rt5.ca\/fr\/wp-json\/wp\/v2\/pages\/340"}],"wp:attachment":[{"href":"https:\/\/rhowardwebsterfoundation.rt5.ca\/fr\/wp-json\/wp\/v2\/media?parent=352"}],"curies":[{"name":"wp","href":"https:\/\/api.w.org\/{rel}","templated":true}]}}