{"id":376,"date":"2019-01-22T10:36:33","date_gmt":"2019-01-22T15:36:33","guid":{"rendered":"http:\/\/rhowardwebsterfoundation.rt5.ca\/terms-and-conditions\/"},"modified":"2026-01-29T13:00:54","modified_gmt":"2026-01-29T18:00:54","slug":"termes-et-conditions","status":"publish","type":"page","link":"https:\/\/rhowardwebsterfoundation.rt5.ca\/fr\/termes-et-conditions\/","title":{"rendered":"Termes et conditions"},"content":{"rendered":"<h2>Termes et conditions<\/h2>\n<p><strong>Introduction<\/strong><br \/>\nBienvenue sur le site Internet de La Fondation R. Howard Webster (www.rhowardwebsterfoundation.ca). En naviguant dans notre site Internet, vous acceptez les modalit\u00e9s et conditions d&#8217;utilisation qui suivent. Si telle n&#8217;est pas votre intention, veuillez quitter le site.<\/p>\n<p><strong>Avis de propri\u00e9t\u00e9 intellectuelle<\/strong><br \/>\nLe site Internet de La Fondation R. Howard Webster ainsi que tout le contenu qui y est diffus\u00e9 ou auquel il donne acc\u00e8s sont prot\u00e9g\u00e9s par des droits d&#8217;auteur. Toute adaptation ou diffusion en sont interdites \u00e0 moins d&#8217;avoir pr\u00e9alablement obtenu l&#8217;autorisation de le faire.<\/p>\n<p><strong>Exclusion de responsabilit\u00e9<\/strong><br \/>\nLa Fondation R. Howard Webster n&#8217;offre aucune garantie quant \u00e0 l&#8217;exactitude, la pertinence ou la fiabilit\u00e9 du contenu du site Internet, ni en ce qui a trait aux erreurs ou aux omissions qu&#8217;il pourrait contenir. En aucun cas l&#8217;information contenue sur le site Internet ne peut \u00eatre interpr\u00e9t\u00e9e comme \u00e9tant un avis juridique. La Fondation R. Howard Webster d\u00e9cline toute responsabilit\u00e9 quant \u00e0 l&#8217;usage qui en est fait.<\/p>\n","protected":false},"excerpt":{"rendered":"<p>Termes et conditions Introduction Bienvenue sur le site Internet de La Fondation R. Howard Webster (www.rhowardwebsterfoundation.ca). En naviguant dans notre site Internet, vous acceptez les modalit\u00e9s et conditions d&#8217;utilisation qui suivent. Si telle n&#8217;est pas votre intention, veuillez quitter le site. Avis de propri\u00e9t\u00e9 intellectuelle Le site Internet de La Fondation R. Howard Webster ainsi <a href=\"https:\/\/rhowardwebsterfoundation.rt5.ca\/fr\/termes-et-conditions\/\" class=\"more-link\">&#8230;<span class=\"screen-reader-text\">  Termes et conditions<\/span><\/a><\/p>\n","protected":false},"author":1,"featured_media":0,"parent":0,"menu_order":0,"comment_status":"closed","ping_status":"closed","template":"","meta":[],"acf":[],"yoast_head":"<!-- This site is optimized with the Yoast SEO plugin v20.0 - https:\/\/yoast.com\/wordpress\/plugins\/seo\/ -->\n<title>Termes et conditions - Fondation R. Howard Webster<\/title>\n<meta name=\"robots\" content=\"noindex, follow, max-snippet:-1, max-image-preview:large, max-video-preview:-1\" \/>\n<meta property=\"og:locale\" content=\"fr_FR\" \/>\n<meta property=\"og:type\" content=\"article\" \/>\n<meta property=\"og:title\" content=\"Termes et conditions - Fondation R. Howard Webster\" \/>\n<meta property=\"og:description\" content=\"Termes et conditions Introduction Bienvenue sur le site Internet de La Fondation R. Howard Webster (www.rhowardwebsterfoundation.ca). En naviguant dans notre site Internet, vous acceptez les modalit\u00e9s et conditions d&#8217;utilisation qui suivent. Si telle n&#8217;est pas votre intention, veuillez quitter le site. Avis de propri\u00e9t\u00e9 intellectuelle Le site Internet de La Fondation R. Howard Webster ainsi ... Termes et conditions\" \/>\n<meta property=\"og:url\" content=\"https:\/\/rhowardwebsterfoundation.rt5.ca\/fr\/termes-et-conditions\/\" \/>\n<meta property=\"og:site_name\" content=\"Fondation R. Howard Webster\" \/>\n<meta property=\"article:modified_time\" content=\"2026-01-29T18:00:54+00:00\" \/>\n<meta property=\"og:image\" content=\"https:\/\/rhowardwebsterfoundation.rt5.ca\/wp-content\/uploads\/2019\/09\/og-image-rhw.jpg\" \/>\n\t<meta property=\"og:image:width\" content=\"1200\" \/>\n\t<meta property=\"og:image:height\" content=\"630\" \/>\n\t<meta property=\"og:image:type\" content=\"image\/jpeg\" \/>\n<meta name=\"twitter:card\" content=\"summary_large_image\" \/>\n<meta name=\"twitter:label1\" content=\"Dur\u00e9e de lecture estim\u00e9e\" \/>\n\t<meta name=\"twitter:data1\" content=\"1 minute\" \/>\n<script type=\"application\/ld+json\" class=\"yoast-schema-graph\">{\"@context\":\"https:\/\/schema.org\",\"@graph\":[{\"@type\":\"WebPage\",\"@id\":\"https:\/\/rhowardwebsterfoundation.rt5.ca\/fr\/termes-et-conditions\/\",\"url\":\"https:\/\/rhowardwebsterfoundation.rt5.ca\/fr\/termes-et-conditions\/\",\"name\":\"Termes et conditions - Fondation R. Howard Webster\",\"isPartOf\":{\"@id\":\"http:\/\/rhowardwebsterfoundation.rt5.ca\/#website\"},\"datePublished\":\"2019-01-22T15:36:33+00:00\",\"dateModified\":\"2026-01-29T18:00:54+00:00\",\"breadcrumb\":{\"@id\":\"https:\/\/rhowardwebsterfoundation.rt5.ca\/fr\/termes-et-conditions\/#breadcrumb\"},\"inLanguage\":\"fr-FR\",\"potentialAction\":[{\"@type\":\"ReadAction\",\"target\":[\"https:\/\/rhowardwebsterfoundation.rt5.ca\/fr\/termes-et-conditions\/\"]}]},{\"@type\":\"BreadcrumbList\",\"@id\":\"https:\/\/rhowardwebsterfoundation.rt5.ca\/fr\/termes-et-conditions\/#breadcrumb\",\"itemListElement\":[{\"@type\":\"ListItem\",\"position\":1,\"name\":\"Home\",\"item\":\"http:\/\/rhowardwebsterfoundation.rt5.ca\/fr\/\"},{\"@type\":\"ListItem\",\"position\":2,\"name\":\"Termes et conditions\"}]},{\"@type\":\"WebSite\",\"@id\":\"http:\/\/rhowardwebsterfoundation.rt5.ca\/#website\",\"url\":\"http:\/\/rhowardwebsterfoundation.rt5.ca\/\",\"name\":\"Fondation R. Howard Webster\",\"description\":\"\",\"potentialAction\":[{\"@type\":\"SearchAction\",\"target\":{\"@type\":\"EntryPoint\",\"urlTemplate\":\"http:\/\/rhowardwebsterfoundation.rt5.ca\/?s={search_term_string}\"},\"query-input\":\"required name=search_term_string\"}],\"inLanguage\":\"fr-FR\"}]}<\/script>\n<!-- \/ Yoast SEO plugin. -->","yoast_head_json":{"title":"Termes et conditions - Fondation R. Howard Webster","robots":{"index":"noindex","follow":"follow","max-snippet":"max-snippet:-1","max-image-preview":"max-image-preview:large","max-video-preview":"max-video-preview:-1"},"og_locale":"fr_FR","og_type":"article","og_title":"Termes et conditions - Fondation R. Howard Webster","og_description":"Termes et conditions Introduction Bienvenue sur le site Internet de La Fondation R. Howard Webster (www.rhowardwebsterfoundation.ca). En naviguant dans notre site Internet, vous acceptez les modalit\u00e9s et conditions d&#8217;utilisation qui suivent. Si telle n&#8217;est pas votre intention, veuillez quitter le site. Avis de propri\u00e9t\u00e9 intellectuelle Le site Internet de La Fondation R. Howard Webster ainsi ... Termes et conditions","og_url":"https:\/\/rhowardwebsterfoundation.rt5.ca\/fr\/termes-et-conditions\/","og_site_name":"Fondation R. Howard Webster","article_modified_time":"2026-01-29T18:00:54+00:00","og_image":[{"width":1200,"height":630,"url":"https:\/\/rhowardwebsterfoundation.rt5.ca\/wp-content\/uploads\/2019\/09\/og-image-rhw.jpg","type":"image\/jpeg"}],"twitter_card":"summary_large_image","twitter_misc":{"Dur\u00e9e de lecture estim\u00e9e":"1 minute"},"schema":{"@context":"https:\/\/schema.org","@graph":[{"@type":"WebPage","@id":"https:\/\/rhowardwebsterfoundation.rt5.ca\/fr\/termes-et-conditions\/","url":"https:\/\/rhowardwebsterfoundation.rt5.ca\/fr\/termes-et-conditions\/","name":"Termes et conditions - Fondation R. Howard Webster","isPartOf":{"@id":"http:\/\/rhowardwebsterfoundation.rt5.ca\/#website"},"datePublished":"2019-01-22T15:36:33+00:00","dateModified":"2026-01-29T18:00:54+00:00","breadcrumb":{"@id":"https:\/\/rhowardwebsterfoundation.rt5.ca\/fr\/termes-et-conditions\/#breadcrumb"},"inLanguage":"fr-FR","potentialAction":[{"@type":"ReadAction","target":["https:\/\/rhowardwebsterfoundation.rt5.ca\/fr\/termes-et-conditions\/"]}]},{"@type":"BreadcrumbList","@id":"https:\/\/rhowardwebsterfoundation.rt5.ca\/fr\/termes-et-conditions\/#breadcrumb","itemListElement":[{"@type":"ListItem","position":1,"name":"Home","item":"http:\/\/rhowardwebsterfoundation.rt5.ca\/fr\/"},{"@type":"ListItem","position":2,"name":"Termes et conditions"}]},{"@type":"WebSite","@id":"http:\/\/rhowardwebsterfoundation.rt5.ca\/#website","url":"http:\/\/rhowardwebsterfoundation.rt5.ca\/","name":"Fondation R. Howard Webster","description":"","potentialAction":[{"@type":"SearchAction","target":{"@type":"EntryPoint","urlTemplate":"http:\/\/rhowardwebsterfoundation.rt5.ca\/?s={search_term_string}"},"query-input":"required name=search_term_string"}],"inLanguage":"fr-FR"}]}},"_links":{"self":[{"href":"https:\/\/rhowardwebsterfoundation.rt5.ca\/fr\/wp-json\/wp\/v2\/pages\/376"}],"collection":[{"href":"https:\/\/rhowardwebsterfoundation.rt5.ca\/fr\/wp-json\/wp\/v2\/pages"}],"about":[{"href":"https:\/\/rhowardwebsterfoundation.rt5.ca\/fr\/wp-json\/wp\/v2\/types\/page"}],"author":[{"embeddable":true,"href":"https:\/\/rhowardwebsterfoundation.rt5.ca\/fr\/wp-json\/wp\/v2\/users\/1"}],"replies":[{"embeddable":true,"href":"https:\/\/rhowardwebsterfoundation.rt5.ca\/fr\/wp-json\/wp\/v2\/comments?post=376"}],"version-history":[{"count":5,"href":"https:\/\/rhowardwebsterfoundation.rt5.ca\/fr\/wp-json\/wp\/v2\/pages\/376\/revisions"}],"predecessor-version":[{"id":4509,"href":"https:\/\/rhowardwebsterfoundation.rt5.ca\/fr\/wp-json\/wp\/v2\/pages\/376\/revisions\/4509"}],"wp:attachment":[{"href":"https:\/\/rhowardwebsterfoundation.rt5.ca\/fr\/wp-json\/wp\/v2\/media?parent=376"}],"curies":[{"name":"wp","href":"https:\/\/api.w.org\/{rel}","templated":true}]}}